{"id":1523,"date":"2024-10-14T23:35:28","date_gmt":"2024-10-14T23:35:28","guid":{"rendered":"https:\/\/rentech.cat\/sectors\/"},"modified":"2024-11-25T18:58:32","modified_gmt":"2024-11-25T18:58:32","slug":"sectors","status":"publish","type":"page","link":"https:\/\/rentech.cat\/ca\/sectors\/","title":{"rendered":"Sectors"},"content":{"rendered":"<p>[et_pb_section fb_built=&#8221;1&#8243; admin_label=&#8221;Header&#8221; _builder_version=&#8221;4.27.0&#8243; _module_preset=&#8221;default&#8221; custom_margin=&#8221;||-105px||false|false&#8221; custom_padding=&#8221;||0px|||&#8221; collapsed=&#8221;on&#8221; global_colors_info=&#8221;{}&#8221;][et_pb_row column_structure=&#8221;1_2,1_2&#8243; make_equal=&#8221;on&#8221; _builder_version=&#8221;4.27.0&#8243; _module_preset=&#8221;default&#8221; background_position=&#8221;top_right&#8221; custom_margin=&#8221;|auto|-9px|auto||&#8221; custom_padding=&#8221;||13px|||&#8221; global_colors_info=&#8221;{}&#8221;][et_pb_column type=&#8221;1_2&#8243; _builder_version=&#8221;4.20.0&#8243; _module_preset=&#8221;default&#8221; custom_padding=&#8221;60px||60px||true|false&#8221; custom_padding_tablet=&#8221;0px||0px||true|false&#8221; custom_padding_phone=&#8221;0px||0px||true|false&#8221; custom_padding_last_edited=&#8221;on|tablet&#8221; global_colors_info=&#8221;{}&#8221;][et_pb_text _builder_version=&#8221;4.27.0&#8243; _module_preset=&#8221;b27c1676-7eb3-4db3-9dbe-b6827e56a809&#8243; text_text_color=&#8221;#739AD1&#8243; header_text_color=&#8221;#739AD1&#8243; header_line_height=&#8221;1em&#8221; custom_margin=&#8221;||10px||false|false&#8221; header_font_size_phone=&#8221;39px&#8221; inline_fonts=&#8221;Montserrat&#8221; global_colors_info=&#8221;{}&#8221;]<\/p>\n<h1><strong><span style=\"font-family: Montserrat;\">Sectors <span style=\"color: #243268;\">on<\/span> treballem<\/span><\/strong><\/h1>\n<p>[\/et_pb_text][et_pb_blurb title=&#8221;Sabem que cada ind\u00fastria t\u00e9 els seus propis requisits, per aix\u00f2 el nostre equip d\u2019experts l\u2019assessora per seleccionar la roba m\u00e9s adequada, garantint la comoditat i seguretat dels seus empleats, complint les normatives vigents. A m\u00e9s, nom\u00e9s treballem amb peces de la m\u00e9s alta qualitat, dissenyades per oferir durabilitat i resist\u00e8ncia, assegurant aix\u00ed que el seu personal sempre disposi del millor equip per dur a terme les seves tasques amb confian\u00e7a i efici\u00e8ncia. &#8221; image_icon_width=&#8221;1px&#8221; _builder_version=&#8221;4.27.0&#8243; _module_preset=&#8221;99c00b59-f0d1-42a1-93aa-442f48751670&#8243; header_font=&#8221;Montserrat||||||||&#8221; header_line_height=&#8221;1.4em&#8221; custom_margin=&#8221;||10px|-11px|false|false&#8221; custom_padding=&#8221;|||0px||&#8221; locked=&#8221;off&#8221; global_colors_info=&#8221;{}&#8221;][\/et_pb_blurb][\/et_pb_column][et_pb_column type=&#8221;1_2&#8243; _builder_version=&#8221;4.27.0&#8243; _module_preset=&#8221;default&#8221; background_image=&#8221;https:\/\/rentech.cat\/wp-content\/uploads\/2024\/09\/REN-Web-20-e1727339173556.jpg&#8221; background_size=&#8221;contain&#8221; global_colors_info=&#8221;{}&#8221;][et_pb_divider show_divider=&#8221;off&#8221; _builder_version=&#8221;4.27.0&#8243; _module_preset=&#8221;default&#8221; max_width=&#8221;100%&#8221; height_tablet=&#8221;40vw&#8221; height_phone=&#8221;80vw&#8221; height_last_edited=&#8221;on|desktop&#8221; max_height=&#8221;1000px&#8221; global_colors_info=&#8221;{}&#8221;][\/et_pb_divider][\/et_pb_column][\/et_pb_row][\/et_pb_section][et_pb_section fb_built=&#8221;1&#8243; _builder_version=&#8221;4.27.0&#8243; _module_preset=&#8221;default&#8221; background_video_mp4=&#8221;https:\/\/rentech.cat\/wp-content\/uploads\/2024\/09\/REN-Web-12.mov&#8221; min_height=&#8221;843px&#8221; custom_margin=&#8221;118px|||||&#8221; custom_padding=&#8221;39px||597px|||&#8221; global_colors_info=&#8221;{}&#8221;][et_pb_row _builder_version=&#8221;4.27.0&#8243; _module_preset=&#8221;default&#8221; global_colors_info=&#8221;{}&#8221;][et_pb_column type=&#8221;4_4&#8243; _builder_version=&#8221;4.27.0&#8243; _module_preset=&#8221;default&#8221; global_colors_info=&#8221;{}&#8221;][\/et_pb_column][\/et_pb_row][\/et_pb_section][et_pb_section fb_built=&#8221;1&#8243; _builder_version=&#8221;4.27.0&#8243; _module_preset=&#8221;default&#8221; background_enable_image=&#8221;off&#8221; custom_padding=&#8221;255px||78px|||&#8221; global_colors_info=&#8221;{}&#8221;][et_pb_row _builder_version=&#8221;4.27.0&#8243; _module_preset=&#8221;default&#8221; custom_margin=&#8221;-26px|auto||auto||&#8221; custom_padding=&#8221;7px||7px|||&#8221; global_colors_info=&#8221;{}&#8221;][et_pb_column type=&#8221;4_4&#8243; _builder_version=&#8221;4.27.0&#8243; _module_preset=&#8221;default&#8221; global_colors_info=&#8221;{}&#8221;][et_pb_text _builder_version=&#8221;4.27.2&#8243; _module_preset=&#8221;default&#8221; text_font=&#8221;Montserrat|700|||||||&#8221; text_text_color=&#8221;#243268&#8243; text_font_size=&#8221;30px&#8221; text_line_height=&#8221;1.2em&#8221; text_orientation=&#8221;center&#8221; custom_margin=&#8221;7px|||||&#8221; text_font_size_tablet=&#8221;30px&#8221; text_font_size_phone=&#8221;19px&#8221; text_font_size_last_edited=&#8221;on|phone&#8221; global_colors_info=&#8221;{}&#8221;]<\/p>\n<p class=\"p2\" style=\"text-align: center;\">&#8220;Oferim serveis a una \u00e0mplia varietat de sectors, adaptant-nos a les necessitats espec\u00edfiques de cada client i complint les normatives de cada sector&#8221;<\/p>\n<p>[\/et_pb_text][\/et_pb_column][\/et_pb_row][\/et_pb_section][et_pb_section fb_built=&#8221;1&#8243; _builder_version=&#8221;4.27.0&#8243; _module_preset=&#8221;default&#8221; min_height=&#8221;782.4px&#8221; custom_margin=&#8221;-4px||-2px|||&#8221; custom_padding=&#8221;0px||0px|||&#8221; global_colors_info=&#8221;{}&#8221;][et_pb_row column_structure=&#8221;1_3,1_3,1_3&#8243; use_custom_gutter=&#8221;on&#8221; gutter_width=&#8221;1&#8243; make_equal=&#8221;on&#8221; _builder_version=&#8221;4.27.0&#8243; _module_preset=&#8221;default&#8221; width=&#8221;90%&#8221; max_width=&#8221;1250px&#8221; custom_margin=&#8221;|auto|-28px|auto||&#8221; custom_padding=&#8221;0px|||||&#8221; global_colors_info=&#8221;{}&#8221;][et_pb_column type=&#8221;1_3&#8243; _builder_version=&#8221;4.27.0&#8243; _module_preset=&#8221;default&#8221; global_colors_info=&#8221;{}&#8221;][et_pb_image src=&#8221;https:\/\/rentech.cat\/wp-content\/uploads\/2024\/09\/Petroquimico.jpg&#8221; title_text=&#8221;Petroqu\u00edmic&#8221; force_fullwidth=&#8221;on&#8221; _builder_version=&#8221;4.27.0&#8243; _module_preset=&#8221;default&#8221; custom_padding=&#8221;|0px||||&#8221; global_colors_info=&#8221;{}&#8221;][\/et_pb_image][\/et_pb_column][et_pb_column type=&#8221;1_3&#8243; _builder_version=&#8221;4.27.0&#8243; _module_preset=&#8221;default&#8221; global_colors_info=&#8221;{}&#8221;][et_pb_image src=&#8221;https:\/\/rentech.cat\/wp-content\/uploads\/2024\/09\/5-1.jpg&#8221; title_text=&#8221;5&#8243; force_fullwidth=&#8221;on&#8221; _builder_version=&#8221;4.27.0&#8243; _module_preset=&#8221;default&#8221; custom_margin=&#8221;||-3px|||&#8221; custom_padding=&#8221;|||0px||&#8221; global_colors_info=&#8221;{}&#8221;][\/et_pb_image][\/et_pb_column][et_pb_column type=&#8221;1_3&#8243; _builder_version=&#8221;4.27.0&#8243; _module_preset=&#8221;default&#8221; global_colors_info=&#8221;{}&#8221;][et_pb_image src=&#8221;https:\/\/rentech.cat\/wp-content\/uploads\/2024\/09\/4-1.jpg&#8221; title_text=&#8221;4&#8243; _builder_version=&#8221;4.27.0&#8243; _module_preset=&#8221;default&#8221; global_colors_info=&#8221;{}&#8221;][\/et_pb_image][\/et_pb_column][\/et_pb_row][et_pb_row column_structure=&#8221;1_3,1_3,1_3&#8243; use_custom_gutter=&#8221;on&#8221; gutter_width=&#8221;1&#8243; make_equal=&#8221;on&#8221; _builder_version=&#8221;4.27.0&#8243; _module_preset=&#8221;default&#8221; width=&#8221;90%&#8221; max_width=&#8221;1250px&#8221; module_alignment=&#8221;center&#8221; custom_margin=&#8221;|auto||85px||&#8221; custom_padding=&#8221;0px|0px||||&#8221; global_colors_info=&#8221;{}&#8221;][et_pb_column type=&#8221;1_3&#8243; _builder_version=&#8221;4.27.0&#8243; _module_preset=&#8221;default&#8221; global_colors_info=&#8221;{}&#8221;][et_pb_image src=&#8221;https:\/\/rentech.cat\/wp-content\/uploads\/2024\/09\/3-1.jpg&#8221; title_text=&#8221;3&#8243; _builder_version=&#8221;4.27.0&#8243; _module_preset=&#8221;default&#8221; global_colors_info=&#8221;{}&#8221;][\/et_pb_image][\/et_pb_column][et_pb_column type=&#8221;1_3&#8243; _builder_version=&#8221;4.27.0&#8243; _module_preset=&#8221;default&#8221; global_colors_info=&#8221;{}&#8221;][et_pb_image src=&#8221;https:\/\/rentech.cat\/wp-content\/uploads\/2024\/09\/2-1.jpg&#8221; title_text=&#8221;2&#8243; _builder_version=&#8221;4.27.0&#8243; _module_preset=&#8221;default&#8221; global_colors_info=&#8221;{}&#8221;][\/et_pb_image][\/et_pb_column][et_pb_column type=&#8221;1_3&#8243; _builder_version=&#8221;4.27.0&#8243; _module_preset=&#8221;default&#8221; global_colors_info=&#8221;{}&#8221;][et_pb_image src=&#8221;https:\/\/rentech.cat\/wp-content\/uploads\/2024\/09\/1-1.jpg&#8221; title_text=&#8221;1&#8243; _builder_version=&#8221;4.27.0&#8243; _module_preset=&#8221;default&#8221; global_colors_info=&#8221;{}&#8221;][\/et_pb_image][\/et_pb_column][\/et_pb_row][\/et_pb_section][et_pb_section fb_built=&#8221;1&#8243; prev_background_color=&#8221;#ffffff&#8221; admin_label=&#8221;Compare Features&#8221; _builder_version=&#8221;4.27.0&#8243; _module_preset=&#8221;default&#8221; background_color=&#8221;#C6DEF4&#8243; custom_padding=&#8221;0px||18px|||&#8221; top_divider_style=&#8221;curve&#8221; top_divider_height=&#8221;0px&#8221; collapsed=&#8221;on&#8221; global_colors_info=&#8221;{}&#8221;][et_pb_row _builder_version=&#8221;4.27.0&#8243; _module_preset=&#8221;default&#8221; global_colors_info=&#8221;{}&#8221;][et_pb_column type=&#8221;4_4&#8243; _builder_version=&#8221;4.27.0&#8243; _module_preset=&#8221;default&#8221; global_colors_info=&#8221;{}&#8221;][et_pb_heading title=&#8221;Normatives que complim&#8221; _builder_version=&#8221;4.27.2&#8243; _module_preset=&#8221;default&#8221; title_level=&#8221;h2&#8243; title_font=&#8221;Montserrat||||||||&#8221; title_text_align=&#8221;center&#8221; custom_margin=&#8221;46px|||||&#8221; custom_padding=&#8221;||0px|||&#8221; title_font_size_tablet=&#8221;&#8221; title_font_size_phone=&#8221;20px&#8221; title_font_size_last_edited=&#8221;on|phone&#8221; global_colors_info=&#8221;{}&#8221;][\/et_pb_heading][\/et_pb_column][\/et_pb_row][et_pb_row _builder_version=&#8221;4.27.0&#8243; _module_preset=&#8221;default&#8221; custom_padding=&#8221;||42px|||&#8221; global_colors_info=&#8221;{}&#8221;][et_pb_column type=&#8221;4_4&#8243; _builder_version=&#8221;4.27.0&#8243; _module_preset=&#8221;default&#8221; global_colors_info=&#8221;{}&#8221;][et_pb_image src=&#8221;https:\/\/rentech.cat\/wp-content\/uploads\/2024\/08\/Rentech-web.jpg&#8221; title_text=&#8221;Rentech web&#8221; _builder_version=&#8221;4.27.0&#8243; _module_preset=&#8221;default&#8221; custom_margin=&#8221;-59px|||||&#8221; custom_padding=&#8221;0px|||||&#8221; global_colors_info=&#8221;{}&#8221;][\/et_pb_image][\/et_pb_column][\/et_pb_row][\/et_pb_section][et_pb_section fb_built=&#8221;1&#8243; admin_label=&#8221;CTA&#8221; _builder_version=&#8221;4.27.0&#8243; _module_preset=&#8221;default&#8221; background_enable_color=&#8221;off&#8221; use_background_color_gradient=&#8221;on&#8221; background_color_gradient_direction=&#8221;201deg&#8221; background_color_gradient_stops=&#8221;rgba(198,222,244,0.27) 0%|#2878ba 100%&#8221; background_color_gradient_overlays_image=&#8221;on&#8221; background_image=&#8221;https:\/\/rentech.cat\/wp-content\/uploads\/2024\/09\/REN-Web-17-1.jpg&#8221; min_height=&#8221;218.4px&#8221; custom_margin=&#8221;-3px|||||&#8221; saved_tabs=&#8221;all&#8221; locked=&#8221;off&#8221; collapsed=&#8221;on&#8221; global_colors_info=&#8221;{}&#8221;][et_pb_row column_structure=&#8221;1_2,1_2&#8243; _builder_version=&#8221;4.20.0&#8243; _module_preset=&#8221;default&#8221; custom_padding=&#8221;|||0px||&#8221; global_colors_info=&#8221;{}&#8221;][et_pb_column type=&#8221;1_2&#8243; _builder_version=&#8221;4.20.0&#8243; _module_preset=&#8221;default&#8221; global_colors_info=&#8221;{}&#8221;][et_pb_text _builder_version=&#8221;4.27.0&#8243; _module_preset=&#8221;034782d9-95fc-4a43-bf6c-998234cfe2aa&#8221; header_font=&#8221;Montserrat||||||||&#8221; header_2_font=&#8221;Montserrat|700|||||||&#8221; header_2_text_color=&#8221;#FFFFFF&#8221; global_colors_info=&#8221;{}&#8221;]<\/p>\n<h2>T&#8217;ajudem?<\/h2>\n<p>[\/et_pb_text][et_pb_text _builder_version=&#8221;4.27.0&#8243; _module_preset=&#8221;a8ec58a9-4e3f-4654-84f8-7511899ac5f4&#8243; text_text_color=&#8221;#FFFFFF&#8221; global_colors_info=&#8221;{}&#8221;]<\/p>\n<p>Si vols saber m\u00e9s informaci\u00f3 o contractar els nostres serveis, no dubtis a contactar amb nosaltres.<\/p>\n<p>[\/et_pb_text][et_pb_button button_url=&#8221;https:\/\/rentech.cat\/ca\/contacte\/&#8221; button_text=&#8221;CONTACTA&#8217;NS&#8221; button_alignment=&#8221;left&#8221; _builder_version=&#8221;4.27.2&#8243; _module_preset=&#8221;default&#8221; custom_button=&#8221;on&#8221; button_text_color=&#8221;#FFFFFF&#8221; button_bg_color=&#8221;RGBA(255,255,255,0)&#8221; button_border_color=&#8221;#FFFFFF&#8221; button_border_radius=&#8221;100px&#8221; button_font=&#8221;Montserrat||||||||&#8221; button_icon=&#8221;&#x35;||divi||400&#8243; hover_enabled=&#8221;0&#8243; locked=&#8221;off&#8221; global_colors_info=&#8221;{}&#8221; sticky_enabled=&#8221;0&#8243;][\/et_pb_button][\/et_pb_column][et_pb_column type=&#8221;1_2&#8243; _builder_version=&#8221;4.20.0&#8243; _module_preset=&#8221;default&#8221; global_colors_info=&#8221;{}&#8221;][\/et_pb_column][\/et_pb_row][\/et_pb_section]<\/p>\n","protected":false},"excerpt":{"rendered":"<p>Sectors on treballem&#8221;Oferim serveis a una \u00e0mplia varietat de sectors, adaptant-nos a les necessitats espec\u00edfiques de cada client i complint les normatives de cada sector&#8221;T&#8217;ajudem?Si vols saber m\u00e9s informaci\u00f3 o contractar els nostres serveis, no dubtis a contactar amb nosaltres.<\/p>\n","protected":false},"author":3,"featured_media":1506,"parent":0,"menu_order":0,"comment_status":"closed","ping_status":"closed","template":"","meta":{"_et_pb_use_builder":"on","_et_pb_old_content":"","_et_gb_content_width":"","_joinchat":[],"footnotes":""},"class_list":["post-1523","page","type-page","status-publish","has-post-thumbnail","hentry"],"yoast_head":"<!-- This site is optimized with the Yoast SEO plugin v27.4 - https:\/\/yoast.com\/product\/yoast-seo-wordpress\/ -->\n<title>Sectors - Rentech<\/title>\n<meta name=\"description\" content=\"Sabem que cada ind\u00fastria t\u00e9 els seus propis requisits. Els nostres experts l&#039;assessoren per seleccionar la roba laboral dels seus sectors.\" \/>\n<meta name=\"robots\" content=\"index, follow, max-snippet:-1, max-image-preview:large, max-video-preview:-1\" \/>\n<link rel=\"canonical\" href=\"https:\/\/rentech.cat\/ca\/sectors\/\" \/>\n<meta property=\"og:locale\" content=\"ca_ES\" \/>\n<meta property=\"og:type\" content=\"article\" \/>\n<meta property=\"og:title\" content=\"Sectors - Rentech\" \/>\n<meta property=\"og:description\" content=\"Sabem que cada ind\u00fastria t\u00e9 els seus propis requisits. Els nostres experts l&#039;assessoren per seleccionar la roba laboral dels seus sectors.\" \/>\n<meta property=\"og:url\" content=\"https:\/\/rentech.cat\/ca\/sectors\/\" \/>\n<meta property=\"og:site_name\" content=\"Rentech\" \/>\n<meta property=\"article:modified_time\" content=\"2024-11-25T18:58:32+00:00\" \/>\n<meta property=\"og:image\" content=\"https:\/\/rentech.cat\/wp-content\/uploads\/2024\/10\/REN-Web-24-vertical.jpg\" \/>\n\t<meta property=\"og:image:width\" content=\"911\" \/>\n\t<meta property=\"og:image:height\" content=\"1366\" \/>\n\t<meta property=\"og:image:type\" content=\"image\/jpeg\" \/>\n<meta name=\"twitter:card\" content=\"summary_large_image\" \/>\n<meta name=\"twitter:label1\" content=\"Temps estimat de lectura\" \/>\n\t<meta name=\"twitter:data1\" content=\"2 minuts\" \/>\n<script type=\"application\/ld+json\" class=\"yoast-schema-graph\">{\"@context\":\"https:\\\/\\\/schema.org\",\"@graph\":[{\"@type\":\"WebPage\",\"@id\":\"https:\\\/\\\/rentech.cat\\\/ca\\\/sectors\\\/\",\"url\":\"https:\\\/\\\/rentech.cat\\\/ca\\\/sectors\\\/\",\"name\":\"Sectors - Rentech\",\"isPartOf\":{\"@id\":\"https:\\\/\\\/rentech.cat\\\/ca\\\/#website\"},\"primaryImageOfPage\":{\"@id\":\"https:\\\/\\\/rentech.cat\\\/ca\\\/sectors\\\/#primaryimage\"},\"image\":{\"@id\":\"https:\\\/\\\/rentech.cat\\\/ca\\\/sectors\\\/#primaryimage\"},\"thumbnailUrl\":\"https:\\\/\\\/rentech.cat\\\/wp-content\\\/uploads\\\/2024\\\/10\\\/REN-Web-24-vertical.jpg\",\"datePublished\":\"2024-10-14T23:35:28+00:00\",\"dateModified\":\"2024-11-25T18:58:32+00:00\",\"description\":\"Sabem que cada ind\u00fastria t\u00e9 els seus propis requisits. Els nostres experts l'assessoren per seleccionar la roba laboral dels seus sectors.\",\"breadcrumb\":{\"@id\":\"https:\\\/\\\/rentech.cat\\\/ca\\\/sectors\\\/#breadcrumb\"},\"inLanguage\":\"ca\",\"potentialAction\":[{\"@type\":\"ReadAction\",\"target\":[\"https:\\\/\\\/rentech.cat\\\/ca\\\/sectors\\\/\"]}]},{\"@type\":\"ImageObject\",\"inLanguage\":\"ca\",\"@id\":\"https:\\\/\\\/rentech.cat\\\/ca\\\/sectors\\\/#primaryimage\",\"url\":\"https:\\\/\\\/rentech.cat\\\/wp-content\\\/uploads\\\/2024\\\/10\\\/REN-Web-24-vertical.jpg\",\"contentUrl\":\"https:\\\/\\\/rentech.cat\\\/wp-content\\\/uploads\\\/2024\\\/10\\\/REN-Web-24-vertical.jpg\",\"width\":911,\"height\":1366,\"caption\":\"Sectores ro\"},{\"@type\":\"BreadcrumbList\",\"@id\":\"https:\\\/\\\/rentech.cat\\\/ca\\\/sectors\\\/#breadcrumb\",\"itemListElement\":[{\"@type\":\"ListItem\",\"position\":1,\"name\":\"Portada\",\"item\":\"https:\\\/\\\/rentech.cat\\\/ca\\\/\"},{\"@type\":\"ListItem\",\"position\":2,\"name\":\"Sectors\"}]},{\"@type\":\"WebSite\",\"@id\":\"https:\\\/\\\/rentech.cat\\\/ca\\\/#website\",\"url\":\"https:\\\/\\\/rentech.cat\\\/ca\\\/\",\"name\":\"Rentech\",\"description\":\"Lavander\u00eda industrial y renting ropa laboral\",\"publisher\":{\"@id\":\"https:\\\/\\\/rentech.cat\\\/ca\\\/#organization\"},\"alternateName\":\"Rentech\",\"potentialAction\":[{\"@type\":\"SearchAction\",\"target\":{\"@type\":\"EntryPoint\",\"urlTemplate\":\"https:\\\/\\\/rentech.cat\\\/ca\\\/?s={search_term_string}\"},\"query-input\":{\"@type\":\"PropertyValueSpecification\",\"valueRequired\":true,\"valueName\":\"search_term_string\"}}],\"inLanguage\":\"ca\"},{\"@type\":\"Organization\",\"@id\":\"https:\\\/\\\/rentech.cat\\\/ca\\\/#organization\",\"name\":\"Rentech\",\"alternateName\":\"Rentech\",\"url\":\"https:\\\/\\\/rentech.cat\\\/ca\\\/\",\"logo\":{\"@type\":\"ImageObject\",\"inLanguage\":\"ca\",\"@id\":\"https:\\\/\\\/rentech.cat\\\/ca\\\/#\\\/schema\\\/logo\\\/image\\\/\",\"url\":\"https:\\\/\\\/rentech.cat\\\/wp-content\\\/uploads\\\/2024\\\/08\\\/Logo-Serviplanxa.png\",\"contentUrl\":\"https:\\\/\\\/rentech.cat\\\/wp-content\\\/uploads\\\/2024\\\/08\\\/Logo-Serviplanxa.png\",\"width\":1134,\"height\":1134,\"caption\":\"Rentech\"},\"image\":{\"@id\":\"https:\\\/\\\/rentech.cat\\\/ca\\\/#\\\/schema\\\/logo\\\/image\\\/\"},\"sameAs\":[\"https:\\\/\\\/www.linkedin.com\\\/company\\\/rentech-lavanderia-industrial\\\/\"]}]}<\/script>\n<!-- \/ Yoast SEO plugin. -->","yoast_head_json":{"title":"Sectors - Rentech","description":"Sabem que cada ind\u00fastria t\u00e9 els seus propis requisits. Els nostres experts l'assessoren per seleccionar la roba laboral dels seus sectors.","robots":{"index":"index","follow":"follow","max-snippet":"max-snippet:-1","max-image-preview":"max-image-preview:large","max-video-preview":"max-video-preview:-1"},"canonical":"https:\/\/rentech.cat\/ca\/sectors\/","og_locale":"ca_ES","og_type":"article","og_title":"Sectors - Rentech","og_description":"Sabem que cada ind\u00fastria t\u00e9 els seus propis requisits. Els nostres experts l'assessoren per seleccionar la roba laboral dels seus sectors.","og_url":"https:\/\/rentech.cat\/ca\/sectors\/","og_site_name":"Rentech","article_modified_time":"2024-11-25T18:58:32+00:00","og_image":[{"width":911,"height":1366,"url":"https:\/\/rentech.cat\/wp-content\/uploads\/2024\/10\/REN-Web-24-vertical.jpg","type":"image\/jpeg"}],"twitter_card":"summary_large_image","twitter_misc":{"Temps estimat de lectura":"2 minuts"},"schema":{"@context":"https:\/\/schema.org","@graph":[{"@type":"WebPage","@id":"https:\/\/rentech.cat\/ca\/sectors\/","url":"https:\/\/rentech.cat\/ca\/sectors\/","name":"Sectors - Rentech","isPartOf":{"@id":"https:\/\/rentech.cat\/ca\/#website"},"primaryImageOfPage":{"@id":"https:\/\/rentech.cat\/ca\/sectors\/#primaryimage"},"image":{"@id":"https:\/\/rentech.cat\/ca\/sectors\/#primaryimage"},"thumbnailUrl":"https:\/\/rentech.cat\/wp-content\/uploads\/2024\/10\/REN-Web-24-vertical.jpg","datePublished":"2024-10-14T23:35:28+00:00","dateModified":"2024-11-25T18:58:32+00:00","description":"Sabem que cada ind\u00fastria t\u00e9 els seus propis requisits. Els nostres experts l'assessoren per seleccionar la roba laboral dels seus sectors.","breadcrumb":{"@id":"https:\/\/rentech.cat\/ca\/sectors\/#breadcrumb"},"inLanguage":"ca","potentialAction":[{"@type":"ReadAction","target":["https:\/\/rentech.cat\/ca\/sectors\/"]}]},{"@type":"ImageObject","inLanguage":"ca","@id":"https:\/\/rentech.cat\/ca\/sectors\/#primaryimage","url":"https:\/\/rentech.cat\/wp-content\/uploads\/2024\/10\/REN-Web-24-vertical.jpg","contentUrl":"https:\/\/rentech.cat\/wp-content\/uploads\/2024\/10\/REN-Web-24-vertical.jpg","width":911,"height":1366,"caption":"Sectores ro"},{"@type":"BreadcrumbList","@id":"https:\/\/rentech.cat\/ca\/sectors\/#breadcrumb","itemListElement":[{"@type":"ListItem","position":1,"name":"Portada","item":"https:\/\/rentech.cat\/ca\/"},{"@type":"ListItem","position":2,"name":"Sectors"}]},{"@type":"WebSite","@id":"https:\/\/rentech.cat\/ca\/#website","url":"https:\/\/rentech.cat\/ca\/","name":"Rentech","description":"Lavander\u00eda industrial y renting ropa laboral","publisher":{"@id":"https:\/\/rentech.cat\/ca\/#organization"},"alternateName":"Rentech","potentialAction":[{"@type":"SearchAction","target":{"@type":"EntryPoint","urlTemplate":"https:\/\/rentech.cat\/ca\/?s={search_term_string}"},"query-input":{"@type":"PropertyValueSpecification","valueRequired":true,"valueName":"search_term_string"}}],"inLanguage":"ca"},{"@type":"Organization","@id":"https:\/\/rentech.cat\/ca\/#organization","name":"Rentech","alternateName":"Rentech","url":"https:\/\/rentech.cat\/ca\/","logo":{"@type":"ImageObject","inLanguage":"ca","@id":"https:\/\/rentech.cat\/ca\/#\/schema\/logo\/image\/","url":"https:\/\/rentech.cat\/wp-content\/uploads\/2024\/08\/Logo-Serviplanxa.png","contentUrl":"https:\/\/rentech.cat\/wp-content\/uploads\/2024\/08\/Logo-Serviplanxa.png","width":1134,"height":1134,"caption":"Rentech"},"image":{"@id":"https:\/\/rentech.cat\/ca\/#\/schema\/logo\/image\/"},"sameAs":["https:\/\/www.linkedin.com\/company\/rentech-lavanderia-industrial\/"]}]}},"_links":{"self":[{"href":"https:\/\/rentech.cat\/ca\/wp-json\/wp\/v2\/pages\/1523","targetHints":{"allow":["GET"]}}],"collection":[{"href":"https:\/\/rentech.cat\/ca\/wp-json\/wp\/v2\/pages"}],"about":[{"href":"https:\/\/rentech.cat\/ca\/wp-json\/wp\/v2\/types\/page"}],"author":[{"embeddable":true,"href":"https:\/\/rentech.cat\/ca\/wp-json\/wp\/v2\/users\/3"}],"replies":[{"embeddable":true,"href":"https:\/\/rentech.cat\/ca\/wp-json\/wp\/v2\/comments?post=1523"}],"version-history":[{"count":6,"href":"https:\/\/rentech.cat\/ca\/wp-json\/wp\/v2\/pages\/1523\/revisions"}],"predecessor-version":[{"id":2124,"href":"https:\/\/rentech.cat\/ca\/wp-json\/wp\/v2\/pages\/1523\/revisions\/2124"}],"wp:featuredmedia":[{"embeddable":true,"href":"https:\/\/rentech.cat\/ca\/wp-json\/wp\/v2\/media\/1506"}],"wp:attachment":[{"href":"https:\/\/rentech.cat\/ca\/wp-json\/wp\/v2\/media?parent=1523"}],"curies":[{"name":"wp","href":"https:\/\/api.w.org\/{rel}","templated":true}]}}