{"id":1535,"date":"2024-10-15T00:25:25","date_gmt":"2024-10-15T00:25:25","guid":{"rendered":"https:\/\/rentech.cat\/bugaderia-hosteleria\/"},"modified":"2024-11-05T16:27:20","modified_gmt":"2024-11-05T16:27:20","slug":"bugaderia-hosteleria","status":"publish","type":"page","link":"https:\/\/rentech.cat\/ca\/bugaderia-hosteleria\/","title":{"rendered":"Bugaderia &#8211; Hosteleria"},"content":{"rendered":"<p>[et_pb_section fb_built=&#8221;1&#8243; next_background_color=&#8221;#ffffff&#8221; admin_label=&#8221;Services&#8221; _builder_version=&#8221;4.27.0&#8243; _module_preset=&#8221;default&#8221; background_color=&#8221;#C6DEF4&#8243; bottom_divider_style=&#8221;curve&#8221; collapsed=&#8221;on&#8221; global_colors_info=&#8221;{}&#8221;][et_pb_row column_structure=&#8221;1_2,1_2&#8243; make_equal=&#8221;on&#8221; _builder_version=&#8221;4.27.2&#8243; _module_preset=&#8221;default&#8221; background_position=&#8221;top_right&#8221; custom_margin=&#8221;|auto|-9px|auto||&#8221; custom_padding=&#8221;||38px|||&#8221; hover_enabled=&#8221;0&#8243; locked=&#8221;off&#8221; global_colors_info=&#8221;{}&#8221; sticky_enabled=&#8221;0&#8243;][et_pb_column type=&#8221;1_2&#8243; _builder_version=&#8221;4.20.0&#8243; _module_preset=&#8221;default&#8221; custom_padding=&#8221;60px||60px||true|false&#8221; custom_padding_tablet=&#8221;0px||0px||true|false&#8221; custom_padding_phone=&#8221;0px||0px||true|false&#8221; custom_padding_last_edited=&#8221;on|tablet&#8221; global_colors_info=&#8221;{}&#8221;][et_pb_text _builder_version=&#8221;4.27.0&#8243; _module_preset=&#8221;b27c1676-7eb3-4db3-9dbe-b6827e56a809&#8243; text_text_color=&#8221;#739AD1&#8243; header_text_color=&#8221;#243268&#8243; header_line_height=&#8221;1em&#8221; custom_margin=&#8221;||10px||false|false&#8221; header_font_size_phone=&#8221;39px&#8221; inline_fonts=&#8221;Montserrat&#8221; global_colors_info=&#8221;{}&#8221;]<\/p>\n<h1><span style=\"font-family: Montserrat;\"><b>Bugaderia<\/b><\/span><\/h1>\n<p>[\/et_pb_text][et_pb_blurb image_icon_width=&#8221;1px&#8221; _builder_version=&#8221;4.27.0&#8243; _module_preset=&#8221;99c00b59-f0d1-42a1-93aa-442f48751670&#8243; header_font=&#8221;Montserrat||||||||&#8221; header_line_height=&#8221;1.4em&#8221; body_font=&#8221;Montserrat||||||||&#8221; custom_margin=&#8221;||10px|-11px|false|false&#8221; custom_padding=&#8221;|||0px||&#8221; locked=&#8221;off&#8221; global_colors_info=&#8221;{}&#8221;]<\/p>\n<p class=\"p1\"><span role=\"presentation\" dir=\"ltr\"><\/span><\/p>\n<p class=\"p1\"><span role=\"presentation\" dir=\"ltr\">A Rentech ens dediquem a oferir solucions de bugaderia industrial d&#8217;alta <\/span><span role=\"presentation\" dir=\"ltr\">qualitat per a hotels i restaurants. Sabem que la neteja i  <\/span><br role=\"presentation\"><span role=\"presentation\" dir=\"ltr\">presentaci\u00f3 impecable de la roba de llit, tovalloles, estovalles i uniformes<\/span> <span role=\"presentation\" dir=\"ltr\">s\u00f3n essencials per brindar una experi\u00e8ncia excepcional als teus hostes i<\/span> <span role=\"presentation\" dir=\"ltr\">comensals.<\/span><\/p>\n<p class=\"p1\"><br role=\"presentation\"><span role=\"presentation\" dir=\"ltr\">Comptem amb tecnologia de darrera generaci\u00f3 i productes de neteja<\/span><br role=\"presentation\"><span role=\"presentation\" dir=\"ltr\">sostenibles per garantir un resultat impecable, mantenint els<\/span> <span role=\"presentation\" dir=\"ltr\">est\u00e0ndards m\u00e9s alts d&#8217;higiene i cura t\u00e8xtil.<\/span> <span role=\"presentation\" dir=\"ltr\">Oferim recollida i entrega<\/span> <span role=\"presentation\" dir=\"ltr\">puntual mitjan\u00e7ant flota de furgonetes i camionetes pr\u00f2pia, assegurant que<\/span> <span role=\"presentation\" dir=\"ltr\">les teves necessitats estiguin cobertes sense interrupcions.<\/span><\/p>\n<p class=\"p1\"><br role=\"presentation\"><span role=\"presentation\" dir=\"ltr\">Confia en nosaltres per mantenir la imatge i qualitat del teu<\/span><br role=\"presentation\"><span role=\"presentation\" dir=\"ltr\">establiment, mentre t&#8217;enfoques en all\u00f2 que millor saps fer: oferir<\/span> <span role=\"presentation\" dir=\"ltr\">un servei inigualable.<\/span><\/p>\n<p>&nbsp;<\/p>\n<p>[\/et_pb_blurb][\/et_pb_column][et_pb_column type=&#8221;1_2&#8243; _builder_version=&#8221;4.27.2&#8243; _module_preset=&#8221;default&#8221; background_image=&#8221;https:\/\/rentech.cat\/wp-content\/uploads\/2024\/11\/REN-Web-22-e1727252208779_resultat.webp&#8221; background_size=&#8221;contain&#8221; hover_enabled=&#8221;0&#8243; global_colors_info=&#8221;{}&#8221; alt=&#8221;Lavanderia industrial ropa laboral&#8221; title_text=&#8221;Lavanderia industrial ropa laboral&#8221; sticky_enabled=&#8221;0&#8243;][et_pb_divider show_divider=&#8221;off&#8221; _builder_version=&#8221;4.27.0&#8243; _module_preset=&#8221;default&#8221; max_width=&#8221;100%&#8221; height_tablet=&#8221;40vw&#8221; height_phone=&#8221;80vw&#8221; height_last_edited=&#8221;on|desktop&#8221; max_height=&#8221;1000px&#8221; global_colors_info=&#8221;{}&#8221;][\/et_pb_divider][\/et_pb_column][\/et_pb_row][\/et_pb_section][et_pb_section fb_built=&#8221;1&#8243; _builder_version=&#8221;4.27.0&#8243; _module_preset=&#8221;default&#8221; custom_margin=&#8221;34px|||||&#8221; custom_padding=&#8221;48px||220px|||&#8221; global_colors_info=&#8221;{}&#8221;][et_pb_row _builder_version=&#8221;4.27.0&#8243; _module_preset=&#8221;default&#8221; custom_margin=&#8221;-28px|auto||auto||&#8221; custom_padding=&#8221;59px|||||&#8221; global_colors_info=&#8221;{}&#8221;][et_pb_column type=&#8221;4_4&#8243; _builder_version=&#8221;4.27.0&#8243; _module_preset=&#8221;default&#8221; global_colors_info=&#8221;{}&#8221;][et_pb_heading title=&#8221;Com ho fem?&#8221; _builder_version=&#8221;4.27.2&#8243; _module_preset=&#8221;default&#8221; title_level=&#8221;h2&#8243; title_font=&#8221;|700|||||||&#8221; title_text_align=&#8221;center&#8221; title_text_color=&#8221;#243268&#8243; title_font_size=&#8221;48px&#8221; custom_padding=&#8221;||12px|||&#8221; title_font_size_tablet=&#8221;48px&#8221; title_font_size_phone=&#8221;48px&#8221; title_font_size_last_edited=&#8221;on|desktop&#8221; global_colors_info=&#8221;{}&#8221;][\/et_pb_heading][\/et_pb_column][\/et_pb_row][et_pb_row _builder_version=&#8221;4.27.0&#8243; _module_preset=&#8221;default&#8221; global_colors_info=&#8221;{}&#8221;][et_pb_column type=&#8221;4_4&#8243; _builder_version=&#8221;4.27.0&#8243; _module_preset=&#8221;default&#8221; global_colors_info=&#8221;{}&#8221;][et_pb_image src=&#8221;https:\/\/rentech.cat\/wp-content\/uploads\/2024\/10\/rentech-roba-laboral_r-3.webp&#8221; title_text=&#8221;Etapa previa (4)&#8221; _builder_version=&#8221;4.27.0&#8243; _module_preset=&#8221;default&#8221; global_colors_info=&#8221;{}&#8221;][\/et_pb_image][\/et_pb_column][\/et_pb_row][\/et_pb_section][et_pb_section fb_built=&#8221;1&#8243; admin_label=&#8221;CTA&#8221; _builder_version=&#8221;4.27.0&#8243; _module_preset=&#8221;default&#8221; use_background_color_gradient=&#8221;on&#8221; background_color_gradient_direction=&#8221;101deg&#8221; background_color_gradient_stops=&#8221;#243268 0%|rgba(41,196,169,0) 100%&#8221; background_color_gradient_overlays_image=&#8221;on&#8221; background_image=&#8221;https:\/\/rentech.cat\/wp-content\/uploads\/2024\/10\/REN-Web-37.webp&#8221; custom_margin=&#8221;-18px|||||&#8221; saved_tabs=&#8221;all&#8221; collapsed=&#8221;on&#8221; global_colors_info=&#8221;{}&#8221;][et_pb_row column_structure=&#8221;1_2,1_2&#8243; _builder_version=&#8221;4.20.0&#8243; _module_preset=&#8221;default&#8221; custom_padding=&#8221;|||0px||&#8221; global_colors_info=&#8221;{}&#8221;][et_pb_column type=&#8221;1_2&#8243; _builder_version=&#8221;4.20.0&#8243; _module_preset=&#8221;default&#8221; global_colors_info=&#8221;{}&#8221;][et_pb_text _builder_version=&#8221;4.27.0&#8243; _module_preset=&#8221;034782d9-95fc-4a43-bf6c-998234cfe2aa&#8221; header_font=&#8221;Montserrat||||||||&#8221; header_2_font=&#8221;Montserrat|700|||||||&#8221; header_2_text_color=&#8221;#FFFFFF&#8221; global_colors_info=&#8221;{}&#8221;]<\/p>\n<h2>Vols que ens encarreguem de la roba del teu establiment?<\/h2>\n<p>[\/et_pb_text][et_pb_text _builder_version=&#8221;4.27.0&#8243; _module_preset=&#8221;a8ec58a9-4e3f-4654-84f8-7511899ac5f4&#8243; text_text_color=&#8221;#FFFFFF&#8221; global_colors_info=&#8221;{}&#8221;]<\/p>\n<p>Si vols saber m\u00e9s informaci\u00f3 o contractar els nostres serveis, no dubtis a contactar amb nosaltres.<\/p>\n<p>[\/et_pb_text][et_pb_button button_url=&#8221;https:\/\/rentech.cat\/contacto\/&#8221; button_text=&#8221;CONTACTA&#8217;NS&#8221; button_alignment=&#8221;left&#8221; _builder_version=&#8221;4.27.0&#8243; _module_preset=&#8221;default&#8221; custom_button=&#8221;on&#8221; button_text_color=&#8221;#FFFFFF&#8221; button_bg_color=&#8221;RGBA(255,255,255,0)&#8221; button_border_color=&#8221;#FFFFFF&#8221; button_border_radius=&#8221;100px&#8221; button_font=&#8221;Montserrat||||||||&#8221; button_icon=&#8221;&#x35;||divi||400&#8243; locked=&#8221;off&#8221; global_colors_info=&#8221;{}&#8221;][\/et_pb_button][\/et_pb_column][et_pb_column type=&#8221;1_2&#8243; _builder_version=&#8221;4.20.0&#8243; _module_preset=&#8221;default&#8221; global_colors_info=&#8221;{}&#8221;][\/et_pb_column][\/et_pb_row][\/et_pb_section]<\/p>\n","protected":false},"excerpt":{"rendered":"<p>Bugaderia A Rentech ens dediquem a oferir solucions de bugaderia industrial d&#8217;alta qualitat per a hotels i restaurants. Sabem que la neteja i presentaci\u00f3 impecable de la roba de llit, tovalloles, estovalles i uniformes s\u00f3n essencials per brindar una experi\u00e8ncia excepcional als teus hostes i comensals. Comptem amb tecnologia de darrera generaci\u00f3 i productes de [&hellip;]<\/p>\n","protected":false},"author":3,"featured_media":1509,"parent":0,"menu_order":0,"comment_status":"closed","ping_status":"closed","template":"","meta":{"_et_pb_use_builder":"on","_et_pb_old_content":"","_et_gb_content_width":"","_joinchat":[],"footnotes":""},"class_list":["post-1535","page","type-page","status-publish","has-post-thumbnail","hentry"],"yoast_head":"<!-- This site is optimized with the Yoast SEO plugin v27.4 - https:\/\/yoast.com\/product\/yoast-seo-wordpress\/ -->\n<title>Bugaderia - Hosteleria - Rentech<\/title>\n<meta name=\"description\" content=\"A Rentech ens dediquem a oferir solucions de bugaderia industrial d&#039;alta qualitat per a hotels i restaurants.\" \/>\n<meta name=\"robots\" content=\"index, follow, max-snippet:-1, max-image-preview:large, max-video-preview:-1\" \/>\n<link rel=\"canonical\" href=\"https:\/\/rentech.cat\/ca\/bugaderia-hosteleria\/\" \/>\n<meta property=\"og:locale\" content=\"ca_ES\" \/>\n<meta property=\"og:type\" content=\"article\" \/>\n<meta property=\"og:title\" content=\"Bugaderia - Hosteleria - Rentech\" \/>\n<meta property=\"og:description\" content=\"A Rentech ens dediquem a oferir solucions de bugaderia industrial d&#039;alta qualitat per a hotels i restaurants.\" \/>\n<meta property=\"og:url\" content=\"https:\/\/rentech.cat\/ca\/bugaderia-hosteleria\/\" \/>\n<meta property=\"og:site_name\" content=\"Rentech\" \/>\n<meta property=\"article:modified_time\" content=\"2024-11-05T16:27:20+00:00\" \/>\n<meta name=\"twitter:card\" content=\"summary_large_image\" \/>\n<meta name=\"twitter:label1\" content=\"Temps estimat de lectura\" \/>\n\t<meta name=\"twitter:data1\" content=\"1 minut\" \/>\n<script type=\"application\/ld+json\" class=\"yoast-schema-graph\">{\"@context\":\"https:\\\/\\\/schema.org\",\"@graph\":[{\"@type\":\"WebPage\",\"@id\":\"https:\\\/\\\/rentech.cat\\\/ca\\\/bugaderia-hosteleria\\\/\",\"url\":\"https:\\\/\\\/rentech.cat\\\/ca\\\/bugaderia-hosteleria\\\/\",\"name\":\"Bugaderia - Hosteleria - Rentech\",\"isPartOf\":{\"@id\":\"https:\\\/\\\/rentech.cat\\\/ca\\\/#website\"},\"primaryImageOfPage\":{\"@id\":\"https:\\\/\\\/rentech.cat\\\/ca\\\/bugaderia-hosteleria\\\/#primaryimage\"},\"image\":{\"@id\":\"https:\\\/\\\/rentech.cat\\\/ca\\\/bugaderia-hosteleria\\\/#primaryimage\"},\"thumbnailUrl\":\"https:\\\/\\\/rentech.cat\\\/wp-content\\\/uploads\\\/2024\\\/10\\\/REN-Web-61.jpg\",\"datePublished\":\"2024-10-15T00:25:25+00:00\",\"dateModified\":\"2024-11-05T16:27:20+00:00\",\"description\":\"A Rentech ens dediquem a oferir solucions de bugaderia industrial d'alta qualitat per a hotels i restaurants.\",\"breadcrumb\":{\"@id\":\"https:\\\/\\\/rentech.cat\\\/ca\\\/bugaderia-hosteleria\\\/#breadcrumb\"},\"inLanguage\":\"ca\",\"potentialAction\":[{\"@type\":\"ReadAction\",\"target\":[\"https:\\\/\\\/rentech.cat\\\/ca\\\/bugaderia-hosteleria\\\/\"]}]},{\"@type\":\"ImageObject\",\"inLanguage\":\"ca\",\"@id\":\"https:\\\/\\\/rentech.cat\\\/ca\\\/bugaderia-hosteleria\\\/#primaryimage\",\"url\":\"https:\\\/\\\/rentech.cat\\\/wp-content\\\/uploads\\\/2024\\\/10\\\/REN-Web-61.jpg\",\"contentUrl\":\"https:\\\/\\\/rentech.cat\\\/wp-content\\\/uploads\\\/2024\\\/10\\\/REN-Web-61.jpg\",\"width\":2048,\"height\":1366,\"caption\":\"Lavander\u00eda industrial hosteleria\"},{\"@type\":\"BreadcrumbList\",\"@id\":\"https:\\\/\\\/rentech.cat\\\/ca\\\/bugaderia-hosteleria\\\/#breadcrumb\",\"itemListElement\":[{\"@type\":\"ListItem\",\"position\":1,\"name\":\"Portada\",\"item\":\"https:\\\/\\\/rentech.cat\\\/ca\\\/\"},{\"@type\":\"ListItem\",\"position\":2,\"name\":\"Bugaderia &#8211; Hosteleria\"}]},{\"@type\":\"WebSite\",\"@id\":\"https:\\\/\\\/rentech.cat\\\/ca\\\/#website\",\"url\":\"https:\\\/\\\/rentech.cat\\\/ca\\\/\",\"name\":\"Rentech\",\"description\":\"Lavander\u00eda industrial y renting ropa laboral\",\"publisher\":{\"@id\":\"https:\\\/\\\/rentech.cat\\\/ca\\\/#organization\"},\"alternateName\":\"Rentech\",\"potentialAction\":[{\"@type\":\"SearchAction\",\"target\":{\"@type\":\"EntryPoint\",\"urlTemplate\":\"https:\\\/\\\/rentech.cat\\\/ca\\\/?s={search_term_string}\"},\"query-input\":{\"@type\":\"PropertyValueSpecification\",\"valueRequired\":true,\"valueName\":\"search_term_string\"}}],\"inLanguage\":\"ca\"},{\"@type\":\"Organization\",\"@id\":\"https:\\\/\\\/rentech.cat\\\/ca\\\/#organization\",\"name\":\"Rentech\",\"alternateName\":\"Rentech\",\"url\":\"https:\\\/\\\/rentech.cat\\\/ca\\\/\",\"logo\":{\"@type\":\"ImageObject\",\"inLanguage\":\"ca\",\"@id\":\"https:\\\/\\\/rentech.cat\\\/ca\\\/#\\\/schema\\\/logo\\\/image\\\/\",\"url\":\"https:\\\/\\\/rentech.cat\\\/wp-content\\\/uploads\\\/2024\\\/08\\\/Logo-Serviplanxa.png\",\"contentUrl\":\"https:\\\/\\\/rentech.cat\\\/wp-content\\\/uploads\\\/2024\\\/08\\\/Logo-Serviplanxa.png\",\"width\":1134,\"height\":1134,\"caption\":\"Rentech\"},\"image\":{\"@id\":\"https:\\\/\\\/rentech.cat\\\/ca\\\/#\\\/schema\\\/logo\\\/image\\\/\"},\"sameAs\":[\"https:\\\/\\\/www.linkedin.com\\\/company\\\/rentech-lavanderia-industrial\\\/\"]}]}<\/script>\n<!-- \/ Yoast SEO plugin. -->","yoast_head_json":{"title":"Bugaderia - Hosteleria - Rentech","description":"A Rentech ens dediquem a oferir solucions de bugaderia industrial d'alta qualitat per a hotels i restaurants.","robots":{"index":"index","follow":"follow","max-snippet":"max-snippet:-1","max-image-preview":"max-image-preview:large","max-video-preview":"max-video-preview:-1"},"canonical":"https:\/\/rentech.cat\/ca\/bugaderia-hosteleria\/","og_locale":"ca_ES","og_type":"article","og_title":"Bugaderia - Hosteleria - Rentech","og_description":"A Rentech ens dediquem a oferir solucions de bugaderia industrial d'alta qualitat per a hotels i restaurants.","og_url":"https:\/\/rentech.cat\/ca\/bugaderia-hosteleria\/","og_site_name":"Rentech","article_modified_time":"2024-11-05T16:27:20+00:00","twitter_card":"summary_large_image","twitter_misc":{"Temps estimat de lectura":"1 minut"},"schema":{"@context":"https:\/\/schema.org","@graph":[{"@type":"WebPage","@id":"https:\/\/rentech.cat\/ca\/bugaderia-hosteleria\/","url":"https:\/\/rentech.cat\/ca\/bugaderia-hosteleria\/","name":"Bugaderia - Hosteleria - Rentech","isPartOf":{"@id":"https:\/\/rentech.cat\/ca\/#website"},"primaryImageOfPage":{"@id":"https:\/\/rentech.cat\/ca\/bugaderia-hosteleria\/#primaryimage"},"image":{"@id":"https:\/\/rentech.cat\/ca\/bugaderia-hosteleria\/#primaryimage"},"thumbnailUrl":"https:\/\/rentech.cat\/wp-content\/uploads\/2024\/10\/REN-Web-61.jpg","datePublished":"2024-10-15T00:25:25+00:00","dateModified":"2024-11-05T16:27:20+00:00","description":"A Rentech ens dediquem a oferir solucions de bugaderia industrial d'alta qualitat per a hotels i restaurants.","breadcrumb":{"@id":"https:\/\/rentech.cat\/ca\/bugaderia-hosteleria\/#breadcrumb"},"inLanguage":"ca","potentialAction":[{"@type":"ReadAction","target":["https:\/\/rentech.cat\/ca\/bugaderia-hosteleria\/"]}]},{"@type":"ImageObject","inLanguage":"ca","@id":"https:\/\/rentech.cat\/ca\/bugaderia-hosteleria\/#primaryimage","url":"https:\/\/rentech.cat\/wp-content\/uploads\/2024\/10\/REN-Web-61.jpg","contentUrl":"https:\/\/rentech.cat\/wp-content\/uploads\/2024\/10\/REN-Web-61.jpg","width":2048,"height":1366,"caption":"Lavander\u00eda industrial hosteleria"},{"@type":"BreadcrumbList","@id":"https:\/\/rentech.cat\/ca\/bugaderia-hosteleria\/#breadcrumb","itemListElement":[{"@type":"ListItem","position":1,"name":"Portada","item":"https:\/\/rentech.cat\/ca\/"},{"@type":"ListItem","position":2,"name":"Bugaderia &#8211; Hosteleria"}]},{"@type":"WebSite","@id":"https:\/\/rentech.cat\/ca\/#website","url":"https:\/\/rentech.cat\/ca\/","name":"Rentech","description":"Lavander\u00eda industrial y renting ropa laboral","publisher":{"@id":"https:\/\/rentech.cat\/ca\/#organization"},"alternateName":"Rentech","potentialAction":[{"@type":"SearchAction","target":{"@type":"EntryPoint","urlTemplate":"https:\/\/rentech.cat\/ca\/?s={search_term_string}"},"query-input":{"@type":"PropertyValueSpecification","valueRequired":true,"valueName":"search_term_string"}}],"inLanguage":"ca"},{"@type":"Organization","@id":"https:\/\/rentech.cat\/ca\/#organization","name":"Rentech","alternateName":"Rentech","url":"https:\/\/rentech.cat\/ca\/","logo":{"@type":"ImageObject","inLanguage":"ca","@id":"https:\/\/rentech.cat\/ca\/#\/schema\/logo\/image\/","url":"https:\/\/rentech.cat\/wp-content\/uploads\/2024\/08\/Logo-Serviplanxa.png","contentUrl":"https:\/\/rentech.cat\/wp-content\/uploads\/2024\/08\/Logo-Serviplanxa.png","width":1134,"height":1134,"caption":"Rentech"},"image":{"@id":"https:\/\/rentech.cat\/ca\/#\/schema\/logo\/image\/"},"sameAs":["https:\/\/www.linkedin.com\/company\/rentech-lavanderia-industrial\/"]}]}},"_links":{"self":[{"href":"https:\/\/rentech.cat\/ca\/wp-json\/wp\/v2\/pages\/1535","targetHints":{"allow":["GET"]}}],"collection":[{"href":"https:\/\/rentech.cat\/ca\/wp-json\/wp\/v2\/pages"}],"about":[{"href":"https:\/\/rentech.cat\/ca\/wp-json\/wp\/v2\/types\/page"}],"author":[{"embeddable":true,"href":"https:\/\/rentech.cat\/ca\/wp-json\/wp\/v2\/users\/3"}],"replies":[{"embeddable":true,"href":"https:\/\/rentech.cat\/ca\/wp-json\/wp\/v2\/comments?post=1535"}],"version-history":[{"count":7,"href":"https:\/\/rentech.cat\/ca\/wp-json\/wp\/v2\/pages\/1535\/revisions"}],"predecessor-version":[{"id":1875,"href":"https:\/\/rentech.cat\/ca\/wp-json\/wp\/v2\/pages\/1535\/revisions\/1875"}],"wp:featuredmedia":[{"embeddable":true,"href":"https:\/\/rentech.cat\/ca\/wp-json\/wp\/v2\/media\/1509"}],"wp:attachment":[{"href":"https:\/\/rentech.cat\/ca\/wp-json\/wp\/v2\/media?parent=1535"}],"curies":[{"name":"wp","href":"https:\/\/api.w.org\/{rel}","templated":true}]}}