{"id":1538,"date":"2024-10-15T00:35:15","date_gmt":"2024-10-15T00:35:15","guid":{"rendered":"https:\/\/rentech.cat\/sobre-nosaltres\/"},"modified":"2024-11-26T23:20:52","modified_gmt":"2024-11-26T23:20:52","slug":"sobre-nosaltres","status":"publish","type":"page","link":"https:\/\/rentech.cat\/ca\/sobre-nosaltres\/","title":{"rendered":"Sobre nosaltres"},"content":{"rendered":"<p>[et_pb_section fb_built=&#8221;1&#8243; admin_label=&#8221;Header&#8221; _builder_version=&#8221;4.27.0&#8243; _module_preset=&#8221;default&#8221; background_color=&#8221;#FFFFFF&#8221; background_enable_image=&#8221;off&#8221; collapsed=&#8221;on&#8221; global_colors_info=&#8221;{}&#8221;][et_pb_row _builder_version=&#8221;4.20.0&#8243; _module_preset=&#8221;default&#8221; custom_padding=&#8221;||22px|||&#8221; global_colors_info=&#8221;{}&#8221;][et_pb_column type=&#8221;4_4&#8243; _builder_version=&#8221;4.20.0&#8243; _module_preset=&#8221;default&#8221; global_colors_info=&#8221;{}&#8221;][et_pb_text _builder_version=&#8221;4.27.0&#8243; _module_preset=&#8221;bb95a91f-117f-4661-856f-634cbe61f488&#8243; header_font=&#8221;Montserrat|700|||||||&#8221; header_text_color=&#8221;#739AD1&#8243; header_font_size_phone=&#8221;30px&#8221; global_colors_info=&#8221;{}&#8221;]<\/p>\n<h1>Sobre nosaltres<\/h1>\n<p>[\/et_pb_text][\/et_pb_column][\/et_pb_row][et_pb_row _builder_version=&#8221;4.27.0&#8243; _module_preset=&#8221;default&#8221; custom_padding=&#8221;0px|||||&#8221; global_colors_info=&#8221;{}&#8221;][et_pb_column type=&#8221;4_4&#8243; _builder_version=&#8221;4.27.0&#8243; _module_preset=&#8221;default&#8221; global_colors_info=&#8221;{}&#8221;][et_pb_text _builder_version=&#8221;4.27.0&#8243; _module_preset=&#8221;default&#8221; text_font=&#8221;Montserrat||||||||&#8221; text_text_color=&#8221;#243268&#8243; text_font_size=&#8221;24px&#8221; custom_margin=&#8221;-26px|||||&#8221; text_font_size_tablet=&#8221;24px&#8221; text_font_size_phone=&#8221;22px&#8221; text_font_size_last_edited=&#8221;on|phone&#8221; global_colors_info=&#8221;{}&#8221;]<\/p>\n<p class=\"p1\"><b><span role=\"presentation\" dir=\"ltr\">A <\/span><span role=\"presentation\" dir=\"ltr\">Rentech la qualitat i el servei \u00e9s el m\u00e9s important<\/span><\/b><\/p>\n<p>[\/et_pb_text][\/et_pb_column][\/et_pb_row][\/et_pb_section][et_pb_section fb_built=&#8221;1&#8243; admin_label=&#8221;Approach&#8221; _builder_version=&#8221;4.20.0&#8243; _module_preset=&#8221;default&#8221; custom_margin=&#8221;-74px||85px|||&#8221; custom_padding=&#8221;||1px|||&#8221; collapsed=&#8221;on&#8221; global_colors_info=&#8221;{}&#8221;][et_pb_row column_structure=&#8221;1_2,1_2&#8243; _builder_version=&#8221;4.20.0&#8243; _module_preset=&#8221;default&#8221; custom_margin=&#8221;-49px|auto||auto||&#8221; global_colors_info=&#8221;{}&#8221;][et_pb_column type=&#8221;1_2&#8243; _builder_version=&#8221;4.20.0&#8243; _module_preset=&#8221;default&#8221; global_colors_info=&#8221;{}&#8221;][et_pb_image src=&#8221;https:\/\/rentech.cat\/wp-content\/uploads\/2024\/08\/co-working-14.png&#8221; title_text=&#8221;Etapa previa&#8221; _builder_version=&#8221;4.27.0&#8243; _module_preset=&#8221;default&#8221; background_image=&#8221;https:\/\/rentech.cat\/wp-content\/uploads\/2024\/10\/Etapa-previa.png&#8221; global_colors_info=&#8221;{}&#8221;][\/et_pb_image][et_pb_text disabled_on=&#8221;off|off|off&#8221; _builder_version=&#8221;4.27.0&#8243; _module_preset=&#8221;eaece22b-c66f-48db-80d5-0bfc974cfa5f&#8221; text_font=&#8221;Montserrat|500|||||||&#8221; text_font_size=&#8221;14px&#8221; global_colors_info=&#8221;{}&#8221;]<\/p>\n<p class=\"p1\">Entre els nostres serveis destaquen el renting de manteleria i productes per a hostaleria, el lloguer i manteniment de roba laboral, i la implementaci\u00f3 de tecnologia avan\u00e7ada, com ara programari per al seguiment remot de les peces i un portal en l\u00ednia on els clients poden consultar l\u2019estat de la seva roba.<\/p>\n<p class=\"p1\">El nostre comprom\u00eds amb la sostenibilitat ens ha portat a adoptar pr\u00e0ctiques respectuoses amb el medi ambient, com ara el rentat ecol\u00f2gic \u201c<strong>Wet Cleaning<\/strong>\u201d, el tractament amb oz\u00f3 i la instal\u00b7laci\u00f3 de plaques solars per aprofitar l\u2019energia renovable.<\/p>\n<p class=\"p1\">\n<p>[\/et_pb_text][\/et_pb_column][et_pb_column type=&#8221;1_2&#8243; _builder_version=&#8221;4.20.0&#8243; _module_preset=&#8221;default&#8221; global_colors_info=&#8221;{}&#8221;][et_pb_text _builder_version=&#8221;4.27.0&#8243; _module_preset=&#8221;83da00be-54c4-4017-ac4e-8115e1f0c85b&#8221; text_font=&#8221;Montserrat|600|||||||&#8221; text_font_size=&#8221;18px&#8221; text_line_height=&#8221;1.4em&#8221; header_font=&#8221;Roboto Condensed||||||||&#8221; header_2_font=&#8221;Montserrat|700|||||||&#8221; header_2_text_color=&#8221;#243268&#8243; header_3_font=&#8221;Montserrat|600|||||||&#8221; header_3_line_height=&#8221;1.5em&#8221; global_colors_info=&#8221;{}&#8221;]<\/p>\n<p class=\"p1\"><b>Rentech<\/b> \u00e9s una bugaderia industrial ubicada al Camp de Tarragona, especialitzada en la gesti\u00f3 de roba laboral per a ind\u00fastries i en oferir solucions de bugaderia per a hostaleria.<\/p>\n<p>[\/et_pb_text][et_pb_text _builder_version=&#8221;4.27.2&#8243; _module_preset=&#8221;eaece22b-c66f-48db-80d5-0bfc974cfa5f&#8221; text_font=&#8221;Montserrat|500|||||||&#8221; text_font_size=&#8221;14px&#8221; custom_padding=&#8221;0px|||||&#8221; global_colors_info=&#8221;{}&#8221;]<\/p>\n<p class=\"p1\">Els nostres inicis es remunten al 1997, quan vam n\u00e9ixer sota el nom de <a href=\"http:\/\/www.serviplanxa.com\" target=\"_blank\" rel=\"noopener\" title=\"Serviplanxa\"><b>Serviplanxa<\/b><\/a> a Alcover, amb l\u2019objectiu de facilitar el servei de planxa i tintoreria a domicili, sent <b>pioners<\/b> a Espanya en oferir aquest servei innovador.<\/p>\n<p class=\"p1\">El 1999, vam ampliar les nostres operacions per incloure serveis de <b>bugaderia industrial<\/b> dirigits a empreses. Des de llavors, hem continuat ampliant la nostra oferta, incorporant noves solucions adaptades a les demandes del mercat.<\/p>\n<p>&nbsp;<\/p>\n<p>[\/et_pb_text][et_pb_image src=&#8221;https:\/\/rentech.cat\/wp-content\/uploads\/2024\/08\/co-working-15.png&#8221; title_text=&#8221;REN &#8211; Web-20&#8243; _builder_version=&#8221;4.27.0&#8243; _module_preset=&#8221;default&#8221; background_image=&#8221;https:\/\/rentech.cat\/wp-content\/uploads\/2024\/09\/REN-Web-20-e1727339173556.jpg&#8221; global_colors_info=&#8221;{}&#8221;][\/et_pb_image][\/et_pb_column][\/et_pb_row][\/et_pb_section][et_pb_section fb_built=&#8221;1&#8243; prev_background_color=&#8221;#ffffff&#8221; _builder_version=&#8221;4.27.0&#8243; _module_preset=&#8221;default&#8221; background_color=&#8221;#739ad1&#8243; custom_margin=&#8221;-98px|||||&#8221; custom_padding=&#8221;151px|||||&#8221; top_divider_style=&#8221;curve&#8221; global_colors_info=&#8221;{}&#8221;][et_pb_row _builder_version=&#8221;4.27.0&#8243; _module_preset=&#8221;default&#8221; custom_padding=&#8221;40px|||||&#8221; global_colors_info=&#8221;{}&#8221;][et_pb_column type=&#8221;4_4&#8243; _builder_version=&#8221;4.27.0&#8243; _module_preset=&#8221;default&#8221; global_colors_info=&#8221;{}&#8221;][et_pb_text _builder_version=&#8221;4.27.2&#8243; _module_preset=&#8221;default&#8221; text_font=&#8221;&#8211;et_global_heading_font|700|||||||&#8221; text_text_color=&#8221;#FFFFFF&#8221; text_font_size=&#8221;22px&#8221; locked=&#8221;off&#8221; global_colors_info=&#8221;{}&#8221;]<\/p>\n<p style=\"text-align: center;\">\u00c9s per aquesta visi\u00f3 d\u2019innovaci\u00f3 i comprom\u00eds amb l\u2019excel\u00b7l\u00e8ncia que el 2024 neix Rentech, una empresa que no nom\u00e9s ofereix serveis tradicionals de bugaderia, sin\u00f3 que tamb\u00e9 integra tecnologia de punta per oferir una experi\u00e8ncia m\u00e9s convenient, eficient i sostenible.<\/p>\n<p>[\/et_pb_text][\/et_pb_column][\/et_pb_row][\/et_pb_section][et_pb_section fb_built=&#8221;1&#8243; admin_label=&#8221;CTA&#8221; _builder_version=&#8221;4.27.0&#8243; _module_preset=&#8221;default&#8221; use_background_color_gradient=&#8221;on&#8221; background_color_gradient_direction=&#8221;119deg&#8221; background_color_gradient_stops=&#8221;#243268 0%|rgba(41,196,169,0) 99%&#8221; background_color_gradient_overlays_image=&#8221;on&#8221; background_image=&#8221;https:\/\/rentech.cat\/wp-content\/uploads\/2024\/10\/REN-Web-30.jpg&#8221; collapsed=&#8221;on&#8221; global_colors_info=&#8221;{}&#8221;][et_pb_row column_structure=&#8221;1_2,1_2&#8243; _builder_version=&#8221;4.20.0&#8243; _module_preset=&#8221;default&#8221; global_colors_info=&#8221;{}&#8221;][et_pb_column type=&#8221;1_2&#8243; _builder_version=&#8221;4.20.0&#8243; _module_preset=&#8221;default&#8221; global_colors_info=&#8221;{}&#8221;][et_pb_text _builder_version=&#8221;4.27.0&#8243; _module_preset=&#8221;83da00be-54c4-4017-ac4e-8115e1f0c85b&#8221; header_2_font=&#8221;Montserrat|700|||||||&#8221; header_2_text_color=&#8221;#FFFFFF&#8221; global_colors_info=&#8221;{}&#8221;]<\/p>\n<h2>Necessites ajuda?<\/h2>\n<p>[\/et_pb_text][et_pb_text _builder_version=&#8221;4.27.0&#8243; _module_preset=&#8221;eaece22b-c66f-48db-80d5-0bfc974cfa5f&#8221; text_text_color=&#8221;#FFFFFF&#8221; global_colors_info=&#8221;{}&#8221;]<\/p>\n<p>Si tens dubtes sobre els nostres serveis, estarem encantats d\u2019ajudar-te!<\/p>\n<p>[\/et_pb_text][et_pb_button button_url=&#8221;https:\/\/rentech.cat\/contacto\/&#8221; button_text=&#8221;CONTACTA&#8217;NS&#8221; button_alignment=&#8221;left&#8221; _builder_version=&#8221;4.27.0&#8243; _module_preset=&#8221;default&#8221; custom_button=&#8221;on&#8221; button_text_color=&#8221;#FFFFFF&#8221; button_bg_color=&#8221;RGBA(255,255,255,0)&#8221; button_border_color=&#8221;#FFFFFF&#8221; button_border_radius=&#8221;100px&#8221; button_font=&#8221;Montserrat||||||||&#8221; button_icon=&#8221;&#x35;||divi||400&#8243; locked=&#8221;off&#8221; global_colors_info=&#8221;{}&#8221;][\/et_pb_button][\/et_pb_column][et_pb_column type=&#8221;1_2&#8243; _builder_version=&#8221;4.20.0&#8243; _module_preset=&#8221;default&#8221; global_colors_info=&#8221;{}&#8221;][\/et_pb_column][\/et_pb_row][\/et_pb_section]<\/p>\n","protected":false},"excerpt":{"rendered":"<p>Rentech \u00e9s una bugaderia industrial al Camp de Tarragona especialitzada en roba laboral per a ind\u00fastries i bugaderia per a hostaleria<\/p>\n","protected":false},"author":3,"featured_media":1440,"parent":0,"menu_order":0,"comment_status":"closed","ping_status":"closed","template":"","meta":{"_et_pb_use_builder":"on","_et_pb_old_content":"","_et_gb_content_width":"","_joinchat":[],"footnotes":""},"class_list":["post-1538","page","type-page","status-publish","has-post-thumbnail","hentry"],"yoast_head":"<!-- This site is optimized with the Yoast SEO plugin v27.4 - https:\/\/yoast.com\/product\/yoast-seo-wordpress\/ -->\n<title>Sobre nosaltres - Rentech<\/title>\n<meta name=\"description\" content=\"Rentech \u00e9s una bugaderia industrial al Camp de Tarragona especialitzada en roba laboral per a ind\u00fastries i bugaderia per a hostaleria\" \/>\n<meta name=\"robots\" content=\"index, follow, max-snippet:-1, max-image-preview:large, max-video-preview:-1\" \/>\n<link rel=\"canonical\" href=\"https:\/\/rentech.cat\/ca\/sobre-nosaltres\/\" \/>\n<meta property=\"og:locale\" content=\"ca_ES\" \/>\n<meta property=\"og:type\" content=\"article\" \/>\n<meta property=\"og:title\" content=\"Sobre nosaltres - Rentech\" \/>\n<meta property=\"og:description\" content=\"Rentech \u00e9s una bugaderia industrial al Camp de Tarragona especialitzada en roba laboral per a ind\u00fastries i bugaderia per a hostaleria\" \/>\n<meta property=\"og:url\" content=\"https:\/\/rentech.cat\/ca\/sobre-nosaltres\/\" \/>\n<meta property=\"og:site_name\" content=\"Rentech\" \/>\n<meta property=\"article:modified_time\" content=\"2024-11-26T23:20:52+00:00\" \/>\n<meta property=\"og:image\" content=\"https:\/\/rentech.cat\/wp-content\/uploads\/2024\/09\/REN-Web-22-e1727252208779.jpg\" \/>\n\t<meta property=\"og:image:width\" content=\"1365\" \/>\n\t<meta property=\"og:image:height\" content=\"1365\" \/>\n\t<meta property=\"og:image:type\" content=\"image\/jpeg\" \/>\n<meta name=\"twitter:card\" content=\"summary_large_image\" \/>\n<meta name=\"twitter:label1\" content=\"Temps estimat de lectura\" \/>\n\t<meta name=\"twitter:data1\" content=\"2 minuts\" \/>\n<script type=\"application\/ld+json\" class=\"yoast-schema-graph\">{\"@context\":\"https:\\\/\\\/schema.org\",\"@graph\":[{\"@type\":\"WebPage\",\"@id\":\"https:\\\/\\\/rentech.cat\\\/ca\\\/sobre-nosaltres\\\/\",\"url\":\"https:\\\/\\\/rentech.cat\\\/ca\\\/sobre-nosaltres\\\/\",\"name\":\"Sobre nosaltres - Rentech\",\"isPartOf\":{\"@id\":\"https:\\\/\\\/rentech.cat\\\/ca\\\/#website\"},\"primaryImageOfPage\":{\"@id\":\"https:\\\/\\\/rentech.cat\\\/ca\\\/sobre-nosaltres\\\/#primaryimage\"},\"image\":{\"@id\":\"https:\\\/\\\/rentech.cat\\\/ca\\\/sobre-nosaltres\\\/#primaryimage\"},\"thumbnailUrl\":\"https:\\\/\\\/rentech.cat\\\/wp-content\\\/uploads\\\/2024\\\/09\\\/REN-Web-22-e1727252208779.jpg\",\"datePublished\":\"2024-10-15T00:35:15+00:00\",\"dateModified\":\"2024-11-26T23:20:52+00:00\",\"description\":\"Rentech \u00e9s una bugaderia industrial al Camp de Tarragona especialitzada en roba laboral per a ind\u00fastries i bugaderia per a hostaleria\",\"breadcrumb\":{\"@id\":\"https:\\\/\\\/rentech.cat\\\/ca\\\/sobre-nosaltres\\\/#breadcrumb\"},\"inLanguage\":\"ca\",\"potentialAction\":[{\"@type\":\"ReadAction\",\"target\":[\"https:\\\/\\\/rentech.cat\\\/ca\\\/sobre-nosaltres\\\/\"]}]},{\"@type\":\"ImageObject\",\"inLanguage\":\"ca\",\"@id\":\"https:\\\/\\\/rentech.cat\\\/ca\\\/sobre-nosaltres\\\/#primaryimage\",\"url\":\"https:\\\/\\\/rentech.cat\\\/wp-content\\\/uploads\\\/2024\\\/09\\\/REN-Web-22-e1727252208779.jpg\",\"contentUrl\":\"https:\\\/\\\/rentech.cat\\\/wp-content\\\/uploads\\\/2024\\\/09\\\/REN-Web-22-e1727252208779.jpg\",\"width\":1365,\"height\":1365,\"caption\":\"Lavanderia industrial ropa laboral\"},{\"@type\":\"BreadcrumbList\",\"@id\":\"https:\\\/\\\/rentech.cat\\\/ca\\\/sobre-nosaltres\\\/#breadcrumb\",\"itemListElement\":[{\"@type\":\"ListItem\",\"position\":1,\"name\":\"Portada\",\"item\":\"https:\\\/\\\/rentech.cat\\\/ca\\\/\"},{\"@type\":\"ListItem\",\"position\":2,\"name\":\"Sobre nosaltres\"}]},{\"@type\":\"WebSite\",\"@id\":\"https:\\\/\\\/rentech.cat\\\/ca\\\/#website\",\"url\":\"https:\\\/\\\/rentech.cat\\\/ca\\\/\",\"name\":\"Rentech\",\"description\":\"Lavander\u00eda industrial y renting ropa laboral\",\"publisher\":{\"@id\":\"https:\\\/\\\/rentech.cat\\\/ca\\\/#organization\"},\"alternateName\":\"Rentech\",\"potentialAction\":[{\"@type\":\"SearchAction\",\"target\":{\"@type\":\"EntryPoint\",\"urlTemplate\":\"https:\\\/\\\/rentech.cat\\\/ca\\\/?s={search_term_string}\"},\"query-input\":{\"@type\":\"PropertyValueSpecification\",\"valueRequired\":true,\"valueName\":\"search_term_string\"}}],\"inLanguage\":\"ca\"},{\"@type\":\"Organization\",\"@id\":\"https:\\\/\\\/rentech.cat\\\/ca\\\/#organization\",\"name\":\"Rentech\",\"alternateName\":\"Rentech\",\"url\":\"https:\\\/\\\/rentech.cat\\\/ca\\\/\",\"logo\":{\"@type\":\"ImageObject\",\"inLanguage\":\"ca\",\"@id\":\"https:\\\/\\\/rentech.cat\\\/ca\\\/#\\\/schema\\\/logo\\\/image\\\/\",\"url\":\"https:\\\/\\\/rentech.cat\\\/wp-content\\\/uploads\\\/2024\\\/08\\\/Logo-Serviplanxa.png\",\"contentUrl\":\"https:\\\/\\\/rentech.cat\\\/wp-content\\\/uploads\\\/2024\\\/08\\\/Logo-Serviplanxa.png\",\"width\":1134,\"height\":1134,\"caption\":\"Rentech\"},\"image\":{\"@id\":\"https:\\\/\\\/rentech.cat\\\/ca\\\/#\\\/schema\\\/logo\\\/image\\\/\"},\"sameAs\":[\"https:\\\/\\\/www.linkedin.com\\\/company\\\/rentech-lavanderia-industrial\\\/\"]}]}<\/script>\n<!-- \/ Yoast SEO plugin. -->","yoast_head_json":{"title":"Sobre nosaltres - Rentech","description":"Rentech \u00e9s una bugaderia industrial al Camp de Tarragona especialitzada en roba laboral per a ind\u00fastries i bugaderia per a hostaleria","robots":{"index":"index","follow":"follow","max-snippet":"max-snippet:-1","max-image-preview":"max-image-preview:large","max-video-preview":"max-video-preview:-1"},"canonical":"https:\/\/rentech.cat\/ca\/sobre-nosaltres\/","og_locale":"ca_ES","og_type":"article","og_title":"Sobre nosaltres - Rentech","og_description":"Rentech \u00e9s una bugaderia industrial al Camp de Tarragona especialitzada en roba laboral per a ind\u00fastries i bugaderia per a hostaleria","og_url":"https:\/\/rentech.cat\/ca\/sobre-nosaltres\/","og_site_name":"Rentech","article_modified_time":"2024-11-26T23:20:52+00:00","og_image":[{"width":1365,"height":1365,"url":"https:\/\/rentech.cat\/wp-content\/uploads\/2024\/09\/REN-Web-22-e1727252208779.jpg","type":"image\/jpeg"}],"twitter_card":"summary_large_image","twitter_misc":{"Temps estimat de lectura":"2 minuts"},"schema":{"@context":"https:\/\/schema.org","@graph":[{"@type":"WebPage","@id":"https:\/\/rentech.cat\/ca\/sobre-nosaltres\/","url":"https:\/\/rentech.cat\/ca\/sobre-nosaltres\/","name":"Sobre nosaltres - Rentech","isPartOf":{"@id":"https:\/\/rentech.cat\/ca\/#website"},"primaryImageOfPage":{"@id":"https:\/\/rentech.cat\/ca\/sobre-nosaltres\/#primaryimage"},"image":{"@id":"https:\/\/rentech.cat\/ca\/sobre-nosaltres\/#primaryimage"},"thumbnailUrl":"https:\/\/rentech.cat\/wp-content\/uploads\/2024\/09\/REN-Web-22-e1727252208779.jpg","datePublished":"2024-10-15T00:35:15+00:00","dateModified":"2024-11-26T23:20:52+00:00","description":"Rentech \u00e9s una bugaderia industrial al Camp de Tarragona especialitzada en roba laboral per a ind\u00fastries i bugaderia per a hostaleria","breadcrumb":{"@id":"https:\/\/rentech.cat\/ca\/sobre-nosaltres\/#breadcrumb"},"inLanguage":"ca","potentialAction":[{"@type":"ReadAction","target":["https:\/\/rentech.cat\/ca\/sobre-nosaltres\/"]}]},{"@type":"ImageObject","inLanguage":"ca","@id":"https:\/\/rentech.cat\/ca\/sobre-nosaltres\/#primaryimage","url":"https:\/\/rentech.cat\/wp-content\/uploads\/2024\/09\/REN-Web-22-e1727252208779.jpg","contentUrl":"https:\/\/rentech.cat\/wp-content\/uploads\/2024\/09\/REN-Web-22-e1727252208779.jpg","width":1365,"height":1365,"caption":"Lavanderia industrial ropa laboral"},{"@type":"BreadcrumbList","@id":"https:\/\/rentech.cat\/ca\/sobre-nosaltres\/#breadcrumb","itemListElement":[{"@type":"ListItem","position":1,"name":"Portada","item":"https:\/\/rentech.cat\/ca\/"},{"@type":"ListItem","position":2,"name":"Sobre nosaltres"}]},{"@type":"WebSite","@id":"https:\/\/rentech.cat\/ca\/#website","url":"https:\/\/rentech.cat\/ca\/","name":"Rentech","description":"Lavander\u00eda industrial y renting ropa laboral","publisher":{"@id":"https:\/\/rentech.cat\/ca\/#organization"},"alternateName":"Rentech","potentialAction":[{"@type":"SearchAction","target":{"@type":"EntryPoint","urlTemplate":"https:\/\/rentech.cat\/ca\/?s={search_term_string}"},"query-input":{"@type":"PropertyValueSpecification","valueRequired":true,"valueName":"search_term_string"}}],"inLanguage":"ca"},{"@type":"Organization","@id":"https:\/\/rentech.cat\/ca\/#organization","name":"Rentech","alternateName":"Rentech","url":"https:\/\/rentech.cat\/ca\/","logo":{"@type":"ImageObject","inLanguage":"ca","@id":"https:\/\/rentech.cat\/ca\/#\/schema\/logo\/image\/","url":"https:\/\/rentech.cat\/wp-content\/uploads\/2024\/08\/Logo-Serviplanxa.png","contentUrl":"https:\/\/rentech.cat\/wp-content\/uploads\/2024\/08\/Logo-Serviplanxa.png","width":1134,"height":1134,"caption":"Rentech"},"image":{"@id":"https:\/\/rentech.cat\/ca\/#\/schema\/logo\/image\/"},"sameAs":["https:\/\/www.linkedin.com\/company\/rentech-lavanderia-industrial\/"]}]}},"_links":{"self":[{"href":"https:\/\/rentech.cat\/ca\/wp-json\/wp\/v2\/pages\/1538","targetHints":{"allow":["GET"]}}],"collection":[{"href":"https:\/\/rentech.cat\/ca\/wp-json\/wp\/v2\/pages"}],"about":[{"href":"https:\/\/rentech.cat\/ca\/wp-json\/wp\/v2\/types\/page"}],"author":[{"embeddable":true,"href":"https:\/\/rentech.cat\/ca\/wp-json\/wp\/v2\/users\/3"}],"replies":[{"embeddable":true,"href":"https:\/\/rentech.cat\/ca\/wp-json\/wp\/v2\/comments?post=1538"}],"version-history":[{"count":10,"href":"https:\/\/rentech.cat\/ca\/wp-json\/wp\/v2\/pages\/1538\/revisions"}],"predecessor-version":[{"id":2159,"href":"https:\/\/rentech.cat\/ca\/wp-json\/wp\/v2\/pages\/1538\/revisions\/2159"}],"wp:featuredmedia":[{"embeddable":true,"href":"https:\/\/rentech.cat\/ca\/wp-json\/wp\/v2\/media\/1440"}],"wp:attachment":[{"href":"https:\/\/rentech.cat\/ca\/wp-json\/wp\/v2\/media?parent=1538"}],"curies":[{"name":"wp","href":"https:\/\/api.w.org\/{rel}","templated":true}]}}