{"id":1544,"date":"2024-10-15T00:41:39","date_gmt":"2024-10-15T00:41:39","guid":{"rendered":"https:\/\/rentech.cat\/contacte\/"},"modified":"2024-12-11T07:23:47","modified_gmt":"2024-12-11T07:23:47","slug":"contacte","status":"publish","type":"page","link":"https:\/\/rentech.cat\/ca\/contacte\/","title":{"rendered":"Contacte"},"content":{"rendered":"<p>[et_pb_section fb_built=&#8221;1&#8243; admin_label=&#8221;Contact Info&#8221; _builder_version=&#8221;4.27.0&#8243; _module_preset=&#8221;a57b9481-4a48-4542-a4df-bb4000480432&#8243; background_color=&#8221;#FFFFFF&#8221; locked=&#8221;off&#8221; global_colors_info=&#8221;{%22gcid-1f1bf5fb-a99d-4acc-8d9e-ddac074c158c%22:%91%22background_color_gradient_stops%22,%22background_color_gradient_stops%22%93,%22gcid-a78660e1-cfc7-4771-a566-6834d6a7f06a%22:%91%22background_color_gradient_stops%22,%22background_color_gradient_stops%22%93,%22gcid-24b0db87-dafa-47d9-995f-b90181e18c52%22:%91%22background_color_gradient_stops%22,%22background_color_gradient_stops%22%93}&#8221;][et_pb_row column_structure=&#8221;3_5,2_5&#8243; _builder_version=&#8221;4.27.0&#8243; _module_preset=&#8221;default&#8221; max_width=&#8221;1384px&#8221; border_radii=&#8221;on|48px|48px|48px|48px&#8221; locked=&#8221;off&#8221; global_colors_info=&#8221;{}&#8221;][et_pb_column type=&#8221;3_5&#8243; _builder_version=&#8221;4.27.0&#8243; _module_preset=&#8221;39b45945-c85b-4fcd-92b9-6c43fd2acf0a&#8221; background_color=&#8221;#ffffff&#8221; background_enable_mask_style=&#8221;on&#8221; background_mask_style=&#8221;diagonal-pills&#8221; custom_padding=&#8221;60px|60px|60px|60px|true|true&#8221; global_colors_info=&#8221;{}&#8221;][et_pb_heading title=&#8221;Parlem?&#8221; _builder_version=&#8221;4.27.2&#8243; _module_preset=&#8221;4a41a239-9002-43f8-a468-f70aaa6d6b37&#8243; title_level=&#8221;h1&#8243; title_font=&#8221;Montserrat|700|||||||&#8221; title_text_align=&#8221;left&#8221; title_text_color=&#8221;#243268&#8243; title_font_size=&#8221;52px&#8221; title_letter_spacing=&#8221;0em&#8221; custom_margin=&#8221;||0px||false|false&#8221; locked=&#8221;off&#8221; global_colors_info=&#8221;{}&#8221;][\/et_pb_heading][et_pb_heading title=&#8221;Posa\u2019t en contacte amb nosaltres i explica\u2019ns com podem ajudar-te&#8221; _builder_version=&#8221;4.27.2&#8243; _module_preset=&#8221;7933b6e5-6a42-4b91-b65d-562cc04624de&#8221; title_level=&#8221;h2&#8243; title_font=&#8221;Montserrat||||||||&#8221; title_text_align=&#8221;left&#8221; title_font_size=&#8221;20px&#8221; locked=&#8221;off&#8221; global_colors_info=&#8221;{}&#8221;][\/et_pb_heading][et_pb_contact_form use_spam_service=&#8221;on&#8221; recaptcha_list=&#8221;Default|Default-0&#8243; recaptcha_min_score=&#8221;0.1&#8243; email=&#8221;rentech@rentech.cat,soporte@olalon.com&#8221; success_message=&#8221;Gr\u00e0cies per enviar el teu missatge, et contestarem el m\u00e9s r\u00e0pid possible.&#8221; _builder_version=&#8221;4.27.2&#8243; _module_preset=&#8221;4a9bde22-838e-4a24-bc67-870c9b947e21&#8243; _unique_id=&#8221;085034b6-2c25-4672-b780-7a967f5e575a&#8221; form_field_font=&#8221;Montserrat||||||||&#8221; button_text_color=&#8221;#243268&#8243; button_bg_color=&#8221;#FFFFFF&#8221; button_border_color=&#8221;#243268&#8243; button_border_radius=&#8221;100px&#8221; button_font=&#8221;Montserrat|||on|||||&#8221; button_icon=&#8221;&#x35;||divi||400&#8243; button_on_hover=&#8221;on&#8221; global_colors_info=&#8221;{%22gcid-1f1b4e15-7cc6-4e13-8154-74d77a956460%22:%91%22link_text_color%22,%22quote_text_color%22,%22quote_border_color%22%93,%22gcid-a78660e1-cfc7-4771-a566-6834d6a7f06a%22:%91%22form_field_background_color%22%93,%22gcid-d7cd5a78-aaef-4f36-82a3-4d3706015cba%22:%91%22link_text_color%22%93,%22gcid-24b0db87-dafa-47d9-995f-b90181e18c52%22:%91%22border_color_all%22%93}&#8221; disabled_on=&#8221;on|on|on&#8221; disabled=&#8221;on&#8221;][et_pb_contact_field field_id=&#8221;Nombre&#8221; field_title=&#8221;Nom&#8221; _builder_version=&#8221;4.27.0&#8243; _module_preset=&#8221;default&#8221; global_colors_info=&#8221;{}&#8221; button_text_size__hover_enabled=&#8221;off&#8221; button_one_text_size__hover_enabled=&#8221;off&#8221; button_two_text_size__hover_enabled=&#8221;off&#8221; button_text_color__hover_enabled=&#8221;off&#8221; button_one_text_color__hover_enabled=&#8221;off&#8221; button_two_text_color__hover_enabled=&#8221;off&#8221; button_border_width__hover_enabled=&#8221;off&#8221; button_one_border_width__hover_enabled=&#8221;off&#8221; button_two_border_width__hover_enabled=&#8221;off&#8221; button_border_color__hover_enabled=&#8221;off&#8221; button_one_border_color__hover_enabled=&#8221;off&#8221; button_two_border_color__hover_enabled=&#8221;off&#8221; button_border_radius__hover_enabled=&#8221;off&#8221; button_one_border_radius__hover_enabled=&#8221;off&#8221; button_two_border_radius__hover_enabled=&#8221;off&#8221; button_letter_spacing__hover_enabled=&#8221;off&#8221; button_one_letter_spacing__hover_enabled=&#8221;off&#8221; button_two_letter_spacing__hover_enabled=&#8221;off&#8221; button_bg_color__hover_enabled=&#8221;off&#8221; button_one_bg_color__hover_enabled=&#8221;off&#8221; button_two_bg_color__hover_enabled=&#8221;off&#8221;][\/et_pb_contact_field][et_pb_contact_field field_id=&#8221;Correo_electr\u00f3nico&#8221; field_title=&#8221;Email&#8221; field_type=&#8221;email&#8221; _builder_version=&#8221;4.27.0&#8243; _module_preset=&#8221;default&#8221; global_colors_info=&#8221;{}&#8221; button_text_size__hover_enabled=&#8221;off&#8221; button_one_text_size__hover_enabled=&#8221;off&#8221; button_two_text_size__hover_enabled=&#8221;off&#8221; button_text_color__hover_enabled=&#8221;off&#8221; button_one_text_color__hover_enabled=&#8221;off&#8221; button_two_text_color__hover_enabled=&#8221;off&#8221; button_border_width__hover_enabled=&#8221;off&#8221; button_one_border_width__hover_enabled=&#8221;off&#8221; button_two_border_width__hover_enabled=&#8221;off&#8221; button_border_color__hover_enabled=&#8221;off&#8221; button_one_border_color__hover_enabled=&#8221;off&#8221; button_two_border_color__hover_enabled=&#8221;off&#8221; button_border_radius__hover_enabled=&#8221;off&#8221; button_one_border_radius__hover_enabled=&#8221;off&#8221; button_two_border_radius__hover_enabled=&#8221;off&#8221; button_letter_spacing__hover_enabled=&#8221;off&#8221; button_one_letter_spacing__hover_enabled=&#8221;off&#8221; button_two_letter_spacing__hover_enabled=&#8221;off&#8221; button_bg_color__hover_enabled=&#8221;off&#8221; button_one_bg_color__hover_enabled=&#8221;off&#8221; button_two_bg_color__hover_enabled=&#8221;off&#8221;][\/et_pb_contact_field][et_pb_contact_field field_id=&#8221;Nombre_de_la_empresa&#8221; field_title=&#8221;Nom de l&#8217;empresa&#8221; fullwidth_field=&#8221;on&#8221; _builder_version=&#8221;4.27.0&#8243; _module_preset=&#8221;default&#8221; global_colors_info=&#8221;{}&#8221;][\/et_pb_contact_field][et_pb_contact_field field_id=&#8221;Tel\u00e9fono&#8221; field_title=&#8221;Tel\u00e8fon&#8221; fullwidth_field=&#8221;on&#8221; _builder_version=&#8221;4.27.0&#8243; _module_preset=&#8221;default&#8221; global_colors_info=&#8221;{}&#8221;][\/et_pb_contact_field][et_pb_contact_field field_id=&#8221;Poblaci\u00f3n&#8221; field_title=&#8221;Poblaci\u00f3&#8221; fullwidth_field=&#8221;on&#8221; _builder_version=&#8221;4.27.0&#8243; _module_preset=&#8221;default&#8221; global_colors_info=&#8221;{}&#8221;][\/et_pb_contact_field][et_pb_contact_field field_id=&#8221;Servicio&#8221; field_title=&#8221;Servei&#8221; field_type=&#8221;select&#8221; select_options=&#8221;%91{%22value%22:%22Roba Laboral%22,%22checked%22:0,%22dragID%22:-1},{%22value%22:%22Hostaleria%22,%22checked%22:0,%22dragID%22:0}%93&#8243; fullwidth_field=&#8221;on&#8221; _builder_version=&#8221;4.27.0&#8243; _module_preset=&#8221;default&#8221; global_colors_info=&#8221;{}&#8221;][\/et_pb_contact_field][et_pb_contact_field field_id=&#8221;Mensaje&#8221; field_title=&#8221;Missatge&#8221; field_type=&#8221;text&#8221; fullwidth_field=&#8221;on&#8221; _builder_version=&#8221;4.27.0&#8243; _module_preset=&#8221;default&#8221; global_colors_info=&#8221;{}&#8221; button_text_size__hover_enabled=&#8221;off&#8221; button_one_text_size__hover_enabled=&#8221;off&#8221; button_two_text_size__hover_enabled=&#8221;off&#8221; button_text_color__hover_enabled=&#8221;off&#8221; button_one_text_color__hover_enabled=&#8221;off&#8221; button_two_text_color__hover_enabled=&#8221;off&#8221; button_border_width__hover_enabled=&#8221;off&#8221; button_one_border_width__hover_enabled=&#8221;off&#8221; button_two_border_width__hover_enabled=&#8221;off&#8221; button_border_color__hover_enabled=&#8221;off&#8221; button_one_border_color__hover_enabled=&#8221;off&#8221; button_two_border_color__hover_enabled=&#8221;off&#8221; button_border_radius__hover_enabled=&#8221;off&#8221; button_one_border_radius__hover_enabled=&#8221;off&#8221; button_two_border_radius__hover_enabled=&#8221;off&#8221; button_letter_spacing__hover_enabled=&#8221;off&#8221; button_one_letter_spacing__hover_enabled=&#8221;off&#8221; button_two_letter_spacing__hover_enabled=&#8221;off&#8221; button_bg_color__hover_enabled=&#8221;off&#8221; button_one_bg_color__hover_enabled=&#8221;off&#8221; button_two_bg_color__hover_enabled=&#8221;off&#8221;][\/et_pb_contact_field][\/et_pb_contact_form][dsm_contact_form_7 cf7_library=&#8221;2237&#8243; show_validation=&#8221;on&#8221; button_alignment=&#8221;left&#8221; _builder_version=&#8221;4.27.4&#8243; _module_preset=&#8221;default&#8221; input_textarea_select_font=&#8221;&#8211;et_global_heading_font||||||||&#8221; input_textarea_select_font_size=&#8221;16px&#8221; input_textarea_select_line_height=&#8221;1.8em&#8221; placeholder_font=&#8221;&#8211;et_global_heading_font||||||||&#8221; error_msg_font=&#8221;&#8211;et_global_heading_font||||||||&#8221; error_msg_line_height=&#8221;1.8em&#8221; error_validation_font=&#8221;&#8211;et_global_heading_font||||||||&#8221; success_validation_font=&#8221;&#8211;et_global_heading_font||||||||&#8221; success_validation_line_height=&#8221;1.8em&#8221; custom_button_one=&#8221;on&#8221; button_one_text_size=&#8221;18px&#8221; button_one_text_color=&#8221;#243268&#8243; button_one_border_width=&#8221;1px&#8221; button_one_border_radius=&#8221;100px&#8221; button_one_font=&#8221;&#8211;et_global_heading_font|||on|||||&#8221; button_one_use_icon=&#8221;off&#8221; button_one_custom_padding=&#8221;10px|50px|10px|50px|true|true&#8221; custom_margin=&#8221;||||false|false&#8221; border_radii_image=&#8221;on|10px|10px|10px|10px&#8221; border_width_all_image=&#8221;1px&#8221; border_radii_error_validation=&#8221;on|10px|10px|10px|10px&#8221; border_radii_validation_success=&#8221;on|10px|10px|10px|10px&#8221; global_colors_info=&#8221;{}&#8221; button_one_bg_color__hover_enabled=&#8221;on|hover&#8221; button_one_border_color__hover_enabled=&#8221;on|hover&#8221; button_one_border_color__hover=&#8221;#243268&#8243; theme_builder_area=&#8221;post_content&#8221;][\/dsm_contact_form_7][\/et_pb_column][et_pb_column type=&#8221;2_5&#8243; _builder_version=&#8221;4.27.0&#8243; _module_preset=&#8221;39b45945-c85b-4fcd-92b9-6c43fd2acf0a&#8221; background_color=&#8221;#ffffff&#8221; background_enable_mask_style=&#8221;on&#8221; background_mask_style=&#8221;diagonal-pills&#8221; custom_padding=&#8221;60px|60px|60px|60px|true|true&#8221; global_colors_info=&#8221;{}&#8221;][et_pb_text _builder_version=&#8221;4.27.0&#8243; _module_preset=&#8221;default&#8221; text_font=&#8221;Montserrat|500|||||||&#8221; text_font_size=&#8221;17px&#8221; text_line_height=&#8221;1em&#8221; header_font_size=&#8221;28px&#8221; custom_margin=&#8221;79px||2px|||&#8221; custom_padding=&#8221;||17px|||&#8221; global_colors_info=&#8221;{}&#8221;]<\/p>\n<p style=\"text-align: left;\"><span class=\"s1\"><\/span>Horario de lunes a viernes de 9h a 17h<\/p>\n<p style=\"text-align: left;\">Tel\u00e9fono: 877 01 39 60<\/p>\n<p style=\"text-align: left;\"><span class=\"s1\"><\/span>Direcci\u00f3n: Carrer Tramuntana n\u00ba8, Alcover, 43460, Tarragona<\/p>\n<p>[\/et_pb_text][et_pb_icon font_icon=&#8221;&#xf08c;||fa||400&#8243; icon_width=&#8221;41px&#8221; url=&#8221;https:\/\/www.linkedin.com\/company\/rentech-lavanderia-industrial\/&#8221; url_new_window=&#8221;on&#8221; _builder_version=&#8221;4.27.2&#8243; _module_preset=&#8221;default&#8221; global_colors_info=&#8221;{}&#8221;][\/et_pb_icon][et_pb_image src=&#8221;https:\/\/rentech.cat\/wp-content\/uploads\/2024\/11\/REN-Web-56_resultat.webp&#8221; alt=&#8221;contacto&#8221; title_text=&#8221;contacto&#8221; _builder_version=&#8221;4.27.2&#8243; _module_preset=&#8221;default&#8221; custom_padding=&#8221;||0px|0px||&#8221; border_radii=&#8221;on|5px|5px|5px|5px&#8221; global_colors_info=&#8221;{}&#8221;][\/et_pb_image][\/et_pb_column][\/et_pb_row][\/et_pb_section][et_pb_section fb_built=&#8221;1&#8243; _builder_version=&#8221;4.27.0&#8243; _module_preset=&#8221;default&#8221; custom_padding=&#8221;||18px|||&#8221; global_colors_info=&#8221;{}&#8221;][et_pb_row _builder_version=&#8221;4.27.0&#8243; _module_preset=&#8221;default&#8221; global_colors_info=&#8221;{}&#8221;][et_pb_column type=&#8221;4_4&#8243; _builder_version=&#8221;4.27.0&#8243; _module_preset=&#8221;default&#8221; global_colors_info=&#8221;{}&#8221;][et_pb_text _builder_version=&#8221;4.27.2&#8243; _module_preset=&#8221;dd528d08-e4c9-420f-91f5-408bcbf38bd1&#8243; text_text_color=&#8221;#243268&#8243; header_2_font=&#8221;Montserrat|500|||||||&#8221; header_2_text_color=&#8221;#243268&#8243; header_2_font_size=&#8221;30px&#8221; custom_margin=&#8221;||10px||false|false&#8221; custom_padding=&#8221;0px|||||&#8221; locked=&#8221;off&#8221; global_colors_info=&#8221;{}&#8221;]<\/p>\n<h2 style=\"text-align: center;\">Nos puedes encontrar aqu\u00ed:<\/h2>\n<p>[\/et_pb_text][et_pb_map address=&#8221;75HJ+H2, 43460 Alcover, Tarragona, Espa\u00f1a&#8221; zoom_level=&#8221;14&#8243; address_lat=&#8221;41.2789375&#8243; address_lng=&#8221;1.1800625&#8243; _builder_version=&#8221;4.27.0&#8243; _module_preset=&#8221;default&#8221; global_colors_info=&#8221;{}&#8221;][et_pb_map_pin pin_address=&#8221;75HJ+H2, 43460 Alcover, Tarragona, Espa\u00f1a&#8221; zoom_level=&#8221;11&#8243; pin_address_lat=&#8221;41.2789375&#8243; pin_address_lng=&#8221;1.1800625&#8243; _builder_version=&#8221;4.27.0&#8243; _module_preset=&#8221;default&#8221; global_colors_info=&#8221;{}&#8221;][\/et_pb_map_pin][\/et_pb_map][\/et_pb_column][\/et_pb_row][\/et_pb_section]<\/p>\n","protected":false},"excerpt":{"rendered":"<p>Posa&#8217;t en contacte amb Rentech, som experts en serveis de bugaderia industrial per a empreses i renting de roba laboral.<\/p>\n","protected":false},"author":3,"featured_media":1451,"parent":0,"menu_order":0,"comment_status":"closed","ping_status":"closed","template":"","meta":{"_et_pb_use_builder":"on","_et_pb_old_content":"","_et_gb_content_width":"","_joinchat":[],"footnotes":""},"class_list":["post-1544","page","type-page","status-publish","has-post-thumbnail","hentry"],"yoast_head":"<!-- This site is optimized with the Yoast SEO plugin v27.4 - https:\/\/yoast.com\/product\/yoast-seo-wordpress\/ -->\n<title>Contacte - Rentech<\/title>\n<meta name=\"description\" content=\"Posa&#039;t en contacte amb Rentech, som experts en serveis de bugaderia industrial per a empreses i renting de roba laboral.\" \/>\n<meta name=\"robots\" content=\"index, follow, max-snippet:-1, max-image-preview:large, max-video-preview:-1\" \/>\n<link rel=\"canonical\" href=\"https:\/\/rentech.cat\/ca\/contacte\/\" \/>\n<meta property=\"og:locale\" content=\"ca_ES\" \/>\n<meta property=\"og:type\" content=\"article\" \/>\n<meta property=\"og:title\" content=\"Contacte - Rentech\" \/>\n<meta property=\"og:description\" content=\"Posa&#039;t en contacte amb Rentech, som experts en serveis de bugaderia industrial per a empreses i renting de roba laboral.\" \/>\n<meta property=\"og:url\" content=\"https:\/\/rentech.cat\/ca\/contacte\/\" \/>\n<meta property=\"og:site_name\" content=\"Rentech\" \/>\n<meta property=\"article:modified_time\" content=\"2024-12-11T07:23:47+00:00\" \/>\n<meta property=\"og:image\" content=\"https:\/\/rentech.cat\/wp-content\/uploads\/2024\/09\/REN-Web-14.jpg\" \/>\n\t<meta property=\"og:image:width\" content=\"2048\" \/>\n\t<meta property=\"og:image:height\" content=\"1366\" \/>\n\t<meta property=\"og:image:type\" content=\"image\/jpeg\" \/>\n<meta name=\"twitter:card\" content=\"summary_large_image\" \/>\n<meta name=\"twitter:label1\" content=\"Temps estimat de lectura\" \/>\n\t<meta name=\"twitter:data1\" content=\"1 minut\" \/>\n<script type=\"application\/ld+json\" class=\"yoast-schema-graph\">{\"@context\":\"https:\\\/\\\/schema.org\",\"@graph\":[{\"@type\":\"WebPage\",\"@id\":\"https:\\\/\\\/rentech.cat\\\/ca\\\/contacte\\\/\",\"url\":\"https:\\\/\\\/rentech.cat\\\/ca\\\/contacte\\\/\",\"name\":\"Contacte - Rentech\",\"isPartOf\":{\"@id\":\"https:\\\/\\\/rentech.cat\\\/ca\\\/#website\"},\"primaryImageOfPage\":{\"@id\":\"https:\\\/\\\/rentech.cat\\\/ca\\\/contacte\\\/#primaryimage\"},\"image\":{\"@id\":\"https:\\\/\\\/rentech.cat\\\/ca\\\/contacte\\\/#primaryimage\"},\"thumbnailUrl\":\"https:\\\/\\\/rentech.cat\\\/wp-content\\\/uploads\\\/2024\\\/09\\\/REN-Web-14.jpg\",\"datePublished\":\"2024-10-15T00:41:39+00:00\",\"dateModified\":\"2024-12-11T07:23:47+00:00\",\"description\":\"Posa't en contacte amb Rentech, som experts en serveis de bugaderia industrial per a empreses i renting de roba laboral.\",\"breadcrumb\":{\"@id\":\"https:\\\/\\\/rentech.cat\\\/ca\\\/contacte\\\/#breadcrumb\"},\"inLanguage\":\"ca\",\"potentialAction\":[{\"@type\":\"ReadAction\",\"target\":[\"https:\\\/\\\/rentech.cat\\\/ca\\\/contacte\\\/\"]}]},{\"@type\":\"ImageObject\",\"inLanguage\":\"ca\",\"@id\":\"https:\\\/\\\/rentech.cat\\\/ca\\\/contacte\\\/#primaryimage\",\"url\":\"https:\\\/\\\/rentech.cat\\\/wp-content\\\/uploads\\\/2024\\\/09\\\/REN-Web-14.jpg\",\"contentUrl\":\"https:\\\/\\\/rentech.cat\\\/wp-content\\\/uploads\\\/2024\\\/09\\\/REN-Web-14.jpg\",\"width\":2048,\"height\":1366,\"caption\":\"Rentech contacto\"},{\"@type\":\"BreadcrumbList\",\"@id\":\"https:\\\/\\\/rentech.cat\\\/ca\\\/contacte\\\/#breadcrumb\",\"itemListElement\":[{\"@type\":\"ListItem\",\"position\":1,\"name\":\"Portada\",\"item\":\"https:\\\/\\\/rentech.cat\\\/ca\\\/\"},{\"@type\":\"ListItem\",\"position\":2,\"name\":\"Contacte\"}]},{\"@type\":\"WebSite\",\"@id\":\"https:\\\/\\\/rentech.cat\\\/ca\\\/#website\",\"url\":\"https:\\\/\\\/rentech.cat\\\/ca\\\/\",\"name\":\"Rentech\",\"description\":\"Lavander\u00eda industrial y renting ropa laboral\",\"publisher\":{\"@id\":\"https:\\\/\\\/rentech.cat\\\/ca\\\/#organization\"},\"alternateName\":\"Rentech\",\"potentialAction\":[{\"@type\":\"SearchAction\",\"target\":{\"@type\":\"EntryPoint\",\"urlTemplate\":\"https:\\\/\\\/rentech.cat\\\/ca\\\/?s={search_term_string}\"},\"query-input\":{\"@type\":\"PropertyValueSpecification\",\"valueRequired\":true,\"valueName\":\"search_term_string\"}}],\"inLanguage\":\"ca\"},{\"@type\":\"Organization\",\"@id\":\"https:\\\/\\\/rentech.cat\\\/ca\\\/#organization\",\"name\":\"Rentech\",\"alternateName\":\"Rentech\",\"url\":\"https:\\\/\\\/rentech.cat\\\/ca\\\/\",\"logo\":{\"@type\":\"ImageObject\",\"inLanguage\":\"ca\",\"@id\":\"https:\\\/\\\/rentech.cat\\\/ca\\\/#\\\/schema\\\/logo\\\/image\\\/\",\"url\":\"https:\\\/\\\/rentech.cat\\\/wp-content\\\/uploads\\\/2024\\\/08\\\/Logo-Serviplanxa.png\",\"contentUrl\":\"https:\\\/\\\/rentech.cat\\\/wp-content\\\/uploads\\\/2024\\\/08\\\/Logo-Serviplanxa.png\",\"width\":1134,\"height\":1134,\"caption\":\"Rentech\"},\"image\":{\"@id\":\"https:\\\/\\\/rentech.cat\\\/ca\\\/#\\\/schema\\\/logo\\\/image\\\/\"},\"sameAs\":[\"https:\\\/\\\/www.linkedin.com\\\/company\\\/rentech-lavanderia-industrial\\\/\"]}]}<\/script>\n<!-- \/ Yoast SEO plugin. -->","yoast_head_json":{"title":"Contacte - Rentech","description":"Posa't en contacte amb Rentech, som experts en serveis de bugaderia industrial per a empreses i renting de roba laboral.","robots":{"index":"index","follow":"follow","max-snippet":"max-snippet:-1","max-image-preview":"max-image-preview:large","max-video-preview":"max-video-preview:-1"},"canonical":"https:\/\/rentech.cat\/ca\/contacte\/","og_locale":"ca_ES","og_type":"article","og_title":"Contacte - Rentech","og_description":"Posa't en contacte amb Rentech, som experts en serveis de bugaderia industrial per a empreses i renting de roba laboral.","og_url":"https:\/\/rentech.cat\/ca\/contacte\/","og_site_name":"Rentech","article_modified_time":"2024-12-11T07:23:47+00:00","og_image":[{"width":2048,"height":1366,"url":"https:\/\/rentech.cat\/wp-content\/uploads\/2024\/09\/REN-Web-14.jpg","type":"image\/jpeg"}],"twitter_card":"summary_large_image","twitter_misc":{"Temps estimat de lectura":"1 minut"},"schema":{"@context":"https:\/\/schema.org","@graph":[{"@type":"WebPage","@id":"https:\/\/rentech.cat\/ca\/contacte\/","url":"https:\/\/rentech.cat\/ca\/contacte\/","name":"Contacte - Rentech","isPartOf":{"@id":"https:\/\/rentech.cat\/ca\/#website"},"primaryImageOfPage":{"@id":"https:\/\/rentech.cat\/ca\/contacte\/#primaryimage"},"image":{"@id":"https:\/\/rentech.cat\/ca\/contacte\/#primaryimage"},"thumbnailUrl":"https:\/\/rentech.cat\/wp-content\/uploads\/2024\/09\/REN-Web-14.jpg","datePublished":"2024-10-15T00:41:39+00:00","dateModified":"2024-12-11T07:23:47+00:00","description":"Posa't en contacte amb Rentech, som experts en serveis de bugaderia industrial per a empreses i renting de roba laboral.","breadcrumb":{"@id":"https:\/\/rentech.cat\/ca\/contacte\/#breadcrumb"},"inLanguage":"ca","potentialAction":[{"@type":"ReadAction","target":["https:\/\/rentech.cat\/ca\/contacte\/"]}]},{"@type":"ImageObject","inLanguage":"ca","@id":"https:\/\/rentech.cat\/ca\/contacte\/#primaryimage","url":"https:\/\/rentech.cat\/wp-content\/uploads\/2024\/09\/REN-Web-14.jpg","contentUrl":"https:\/\/rentech.cat\/wp-content\/uploads\/2024\/09\/REN-Web-14.jpg","width":2048,"height":1366,"caption":"Rentech contacto"},{"@type":"BreadcrumbList","@id":"https:\/\/rentech.cat\/ca\/contacte\/#breadcrumb","itemListElement":[{"@type":"ListItem","position":1,"name":"Portada","item":"https:\/\/rentech.cat\/ca\/"},{"@type":"ListItem","position":2,"name":"Contacte"}]},{"@type":"WebSite","@id":"https:\/\/rentech.cat\/ca\/#website","url":"https:\/\/rentech.cat\/ca\/","name":"Rentech","description":"Lavander\u00eda industrial y renting ropa laboral","publisher":{"@id":"https:\/\/rentech.cat\/ca\/#organization"},"alternateName":"Rentech","potentialAction":[{"@type":"SearchAction","target":{"@type":"EntryPoint","urlTemplate":"https:\/\/rentech.cat\/ca\/?s={search_term_string}"},"query-input":{"@type":"PropertyValueSpecification","valueRequired":true,"valueName":"search_term_string"}}],"inLanguage":"ca"},{"@type":"Organization","@id":"https:\/\/rentech.cat\/ca\/#organization","name":"Rentech","alternateName":"Rentech","url":"https:\/\/rentech.cat\/ca\/","logo":{"@type":"ImageObject","inLanguage":"ca","@id":"https:\/\/rentech.cat\/ca\/#\/schema\/logo\/image\/","url":"https:\/\/rentech.cat\/wp-content\/uploads\/2024\/08\/Logo-Serviplanxa.png","contentUrl":"https:\/\/rentech.cat\/wp-content\/uploads\/2024\/08\/Logo-Serviplanxa.png","width":1134,"height":1134,"caption":"Rentech"},"image":{"@id":"https:\/\/rentech.cat\/ca\/#\/schema\/logo\/image\/"},"sameAs":["https:\/\/www.linkedin.com\/company\/rentech-lavanderia-industrial\/"]}]}},"_links":{"self":[{"href":"https:\/\/rentech.cat\/ca\/wp-json\/wp\/v2\/pages\/1544","targetHints":{"allow":["GET"]}}],"collection":[{"href":"https:\/\/rentech.cat\/ca\/wp-json\/wp\/v2\/pages"}],"about":[{"href":"https:\/\/rentech.cat\/ca\/wp-json\/wp\/v2\/types\/page"}],"author":[{"embeddable":true,"href":"https:\/\/rentech.cat\/ca\/wp-json\/wp\/v2\/users\/3"}],"replies":[{"embeddable":true,"href":"https:\/\/rentech.cat\/ca\/wp-json\/wp\/v2\/comments?post=1544"}],"version-history":[{"count":22,"href":"https:\/\/rentech.cat\/ca\/wp-json\/wp\/v2\/pages\/1544\/revisions"}],"predecessor-version":[{"id":2267,"href":"https:\/\/rentech.cat\/ca\/wp-json\/wp\/v2\/pages\/1544\/revisions\/2267"}],"wp:featuredmedia":[{"embeddable":true,"href":"https:\/\/rentech.cat\/ca\/wp-json\/wp\/v2\/media\/1451"}],"wp:attachment":[{"href":"https:\/\/rentech.cat\/ca\/wp-json\/wp\/v2\/media?parent=1544"}],"curies":[{"name":"wp","href":"https:\/\/api.w.org\/{rel}","templated":true}]}}